{"id":30222,"date":"2022-08-01T12:15:26","date_gmt":"2022-08-01T10:15:26","guid":{"rendered":"https:\/\/unesco.uwr.edu.pl\/o-katedrze\/rada-naukowa-katedry-unesco-calozyciowego-poradnictwa-zawodowego-w-latach-2017-2021\/"},"modified":"2025-04-14T18:17:50","modified_gmt":"2025-04-14T16:17:50","slug":"rada-naukowa-katedry-unesco-calozyciowego-poradnictwa-zawodowego-w-latach-2017-2021","status":"publish","type":"page","link":"https:\/\/unesco.uwr.edu.pl\/en\/o-katedrze\/rada-naukowa-katedry-unesco-calozyciowego-poradnictwa-zawodowego-w-latach-2017-2021\/","title":{"rendered":"Scientific Board 2022 &#8211; 2025"},"content":{"rendered":"\n<div class=\"alignfull wp-block-ugb-container ugb-container podstrona_sekcje ugb-12c4a27 ugb-container--v2 ugb-container--design-plain ugb-main-block\"><style>@media screen and (min-width:768px){.ugb-12c4a27.ugb-container{margin-bottom:0px !important;padding-right:0px !important;padding-bottom:50px !important;padding-left:0px !important}}@media screen and (min-width:768px){.ugb-12c4a27 > .ugb-inner-block > .ugb-block-content > *{padding-top:0px !important;padding-bottom:0px !important;padding-right:0px !important;padding-left:0px !important}}<\/style><div class=\"ugb-inner-block\"><div class=\"ugb-block-content\"><div class=\"ugb-container__wrapper ugb-12c4a27-wrapper\"><div class=\"ugb-container__side\"><div class=\"ugb-container__content-wrapper ugb-12c4a27-content-wrapper\">\n<div class=\"wp-block-media-text alignwide is-stacked-on-mobile is-vertically-aligned-top is-image-fill bs-naglowek-szablonu-kolumny\"><figure class=\"wp-block-media-text__media\" style=\"background-image:url(https:\/\/unesco.uwr.edu.pl\/wp-content\/uploads\/sites\/155\/2022\/08\/rada-naukowa-683x1024.jpeg);background-position:50% 50%\"><img loading=\"lazy\" decoding=\"async\" width=\"683\" height=\"1024\" src=\"https:\/\/unesco.uwr.edu.pl\/wp-content\/uploads\/sites\/155\/2022\/08\/rada-naukowa-683x1024.jpeg\" alt=\"Widok na gmach g\u0142\u00f3wny UWr\" class=\"wp-image-25619 size-full\" srcset=\"https:\/\/unesco.uwr.edu.pl\/wp-content\/uploads\/sites\/155\/2022\/08\/rada-naukowa-683x1024.jpeg 683w, https:\/\/unesco.uwr.edu.pl\/wp-content\/uploads\/sites\/155\/2022\/08\/rada-naukowa-200x300.jpeg 200w, https:\/\/unesco.uwr.edu.pl\/wp-content\/uploads\/sites\/155\/2022\/08\/rada-naukowa-768x1152.jpeg 768w, https:\/\/unesco.uwr.edu.pl\/wp-content\/uploads\/sites\/155\/2022\/08\/rada-naukowa-16x24.jpeg 16w, https:\/\/unesco.uwr.edu.pl\/wp-content\/uploads\/sites\/155\/2022\/08\/rada-naukowa-24x36.jpeg 24w, https:\/\/unesco.uwr.edu.pl\/wp-content\/uploads\/sites\/155\/2022\/08\/rada-naukowa-32x48.jpeg 32w, https:\/\/unesco.uwr.edu.pl\/wp-content\/uploads\/sites\/155\/2022\/08\/rada-naukowa.jpeg 1000w\" sizes=\"auto, (max-width: 683px) 100vw, 683px\" \/><\/figure><div class=\"wp-block-media-text__content\">\n<div class=\"wp-block-bonasoft-modular-breadcrumbs-block\"><div class=\"bs_add_breadcrumb_trail\"><\/div><\/div>\n\n\n\n<hr class=\"wp-block-separator has-text-color has-black-color has-css-opacity has-black-background-color has-background is-style-wide bs-border-kontakt\"\/>\n\n\n<h1 style=\"font-style:normal;font-weight:700;\" class=\"bs-naglowek-podstrony wp-block-post-title\">Scientific Board 2022 &#8211; 2025<\/h1>\n\n\n<div style=\"height:50px\" aria-hidden=\"true\" class=\"wp-block-spacer\"><\/div>\n\n\n\n<div class=\"inherit-container-width wp-block-group is-layout-constrained wp-block-group-is-layout-constrained\"><div class=\"wp-block-group__inner-container\">\n<div class=\"wp-block-columns is-layout-flex wp-block-columns-is-layout-flex\">\n<div class=\"wp-block-column is-layout-flow wp-block-column-is-layout-flow\" style=\"flex-basis:100%\">\n<div class=\"wp-block-stackable-icon-list stk-block-icon-list stk-block stk-fa2be77\" data-block-id=\"fa2be77\"><style>.stk-fa2be77 .stk-block-icon-list-item__content{gap:4px !important;align-items:baseline !important;}.stk-fa2be77 {--stk-icon-height:7.75px !important;}<\/style><svg style=\"display:none\"><defs><g id=\"stk-icon-list__icon-svg-def-fa2be77\"><svg xmlns=\"http:\/\/www.w3.org\/2000\/svg\" viewBox=\"0 0 190 190\"><polygon points=\"173.8,28.4 60.4,141.8 15.7,97.2 5.1,107.8 60.4,163 184.4,39 173.8,28.4\"\/><\/svg><\/g><\/defs><\/svg><div class=\"stk-block-icon-list__ul stk-block-icon-list--column\"><ul class=\"stk-block-icon-list__group\">\n<li class=\"wp-block-stackable-icon-list-item stk-block-icon-list-item stk-block stk-d3be2fe\" data-block-id=\"d3be2fe\"><div class=\"stk-block-icon-list-item__content\"><span class=\"stk--svg-wrapper\"><div class=\"stk--inner-svg\"><svg aria-hidden=\"true\" width=\"32\" height=\"32\"><use xlink:href=\"#stk-icon-list__icon-svg-def-fa2be77\"><\/use><\/svg><\/div><\/span><span class=\"stk-block-icon-list-item__text\"><strong>Scientific coordinato<\/strong>r &#8211; Prof.\u00a0Val\u00e9rie\u00a0Cohen-Scali (INETOP-CNAM, Paris, France)\u00a0<a href=\"mailto:valerie.cohenscali@lecnam.net\">valerie.cohenscali@lecnam.net<\/a><\/span><\/div><\/li>\n\n\n\n<li class=\"wp-block-stackable-icon-list-item stk-block-icon-list-item stk-block stk-da31ad1\" data-block-id=\"da31ad1\"><div class=\"stk-block-icon-list-item__content\"><span class=\"stk--svg-wrapper\"><div class=\"stk--inner-svg\"><svg aria-hidden=\"true\" width=\"32\" height=\"32\"><use xlink:href=\"#stk-icon-list__icon-svg-def-fa2be77\"><\/use><\/svg><\/div><\/span><span class=\"stk-block-icon-list-item__text\"><strong>Project coordinator <\/strong>&#8211; Dr Violetta Drabik-Podg\u00f3rna (Institute of Pedagogy Wroc\u0142aw University) <a href=\"mailto:violetta.drabik-podgorna@uwr.edu.pl\" target=\"_blank\" rel=\"noreferrer noopener\">violetta.drabik-podgorna@uwr.edu.pl<\/a><\/span><\/div><\/li>\n\n\n\n<li class=\"wp-block-stackable-icon-list-item stk-block-icon-list-item stk-block stk-14e7112\" data-block-id=\"14e7112\"><div class=\"stk-block-icon-list-item__content\"><span class=\"stk--svg-wrapper\"><div class=\"stk--inner-svg\"><svg aria-hidden=\"true\" width=\"32\" height=\"32\"><use xlink:href=\"#stk-icon-list__icon-svg-def-fa2be77\"><\/use><\/svg><\/div><\/span><span class=\"stk-block-icon-list-item__text\"><strong>Organisational Supervisor<\/strong> &#8211; Dr Marek Podg\u00f3rny (Institute of Pedagogy Wroc\u0142aw University) <a href=\"mailto:marek.podgorny@uwr.edu.pl\" target=\"_blank\" rel=\"noreferrer noopener\">marek.podgorny@uwr.edu.pl<\/a><\/span><\/div><\/li>\n<\/ul><\/div><\/div>\n<\/div>\n<\/div>\n<\/div><\/div>\n\n\n\n<p><strong>Honorary Chairs:<\/strong><\/p>\n\n\n\n<ul class=\"wp-block-list\">\n<li>Prof. Jean Guichard (Emeritus Professor INETOP-CNAM, Paris, France) <a href=\"mailto:jean.guichard@lecnam.net\" target=\"_blank\" rel=\"noreferrer noopener\">jean.guichard@lecnam.net<\/a><\/li>\n\n\n\n<li>Prof. Maria Eduarda Duarte (Emeritus Professor University of Lisbon, Portugal) <a href=\"mailto:maria.ec.duarte@gmail.com\" target=\"_blank\" rel=\"noreferrer noopener\">maria.ec.duarte@gmail.com<\/a><\/li>\n<\/ul>\n\n\n\n<p><strong>Scientific Council members:<\/strong><\/p>\n\n\n\n<ul class=\"wp-block-list\">\n<li>Prof. Gabriela Aisenson (University of Buenos Aires &#8211; Argentina)<\/li>\n\n\n\n<li>Prof. Donna M. San Antonio (Lesley University &#8211; USA)<\/li>\n\n\n\n<li>Prof. Jacques Pouyaud (University of Bordeaux &#8211; France)<\/li>\n\n\n\n<li>Prof. Jacobus Gideon Maree (University of Pretoria, South Africa)<\/li>\n\n\n\n<li>Prof. Marcelo Afonso Ribeiro (University of S\u00e3o Paulo, Brazil)<\/li>\n\n\n\n<li>Prof. Jonas Masdonati (University of Lausanne, Switzerland)<\/li>\n<\/ul>\n\n\n\n<p><\/p>\n<\/div><\/div>\n\n\n\n<div class=\"wp-block-ugb-container ugb-container ugb-002ab8b ugb-container--v2 ugb-container--design-plain ugb-main-block\"><style>@media screen and (min-width:768px){.ugb-002ab8b.ugb-container{margin-bottom:0% !important;margin-right:6% !important;margin-left:6% !important}}@media screen and (min-width:768px){.ugb-002ab8b > .ugb-inner-block > .ugb-block-content > *{padding-top:0px !important;padding-bottom:0px !important;padding-right:0px !important;padding-left:0px !important}}<\/style><div class=\"ugb-inner-block\"><div class=\"ugb-block-content\"><div class=\"ugb-container__wrapper ugb-002ab8b-wrapper\"><div class=\"ugb-container__side\"><div class=\"ugb-container__content-wrapper ugb-002ab8b-content-wrapper\">\n<p><\/p>\n<\/div><\/div><\/div><\/div><\/div><\/div>\n\n\n\n<p><\/p>\n<\/div><\/div><\/div><\/div><\/div><\/div>\n","protected":false},"excerpt":{"rendered":"<p>Honorary Chairs: Scientific Council members:<\/p>\n","protected":false},"author":584,"featured_media":0,"parent":30186,"menu_order":3,"comment_status":"closed","ping_status":"closed","template":"","meta":{"_acf_changed":false,"inline_featured_image":false,"site-sidebar-layout":"default","site-content-layout":"","ast-site-content-layout":"default","site-content-style":"default","site-sidebar-style":"default","ast-global-header-display":"","ast-banner-title-visibility":"","ast-main-header-display":"","ast-hfb-above-header-display":"","ast-hfb-below-header-display":"","ast-hfb-mobile-header-display":"","site-post-title":"","ast-breadcrumbs-content":"","ast-featured-img":"","footer-sml-layout":"","ast-disable-related-posts":"","theme-transparent-header-meta":"","adv-header-id-meta":"","stick-header-meta":"","header-above-stick-meta":"","header-main-stick-meta":"","header-below-stick-meta":"","astra-migrate-meta-layouts":"set","ast-page-background-enabled":"default","ast-page-background-meta":{"desktop":{"background-color":"","background-image":"","background-repeat":"repeat","background-position":"center center","background-size":"auto","background-attachment":"scroll","background-type":"","background-media":"","overlay-type":"","overlay-color":"","overlay-opacity":"","overlay-gradient":""},"tablet":{"background-color":"","background-image":"","background-repeat":"repeat","background-position":"center center","background-size":"auto","background-attachment":"scroll","background-type":"","background-media":"","overlay-type":"","overlay-color":"","overlay-opacity":"","overlay-gradient":""},"mobile":{"background-color":"","background-image":"","background-repeat":"repeat","background-position":"center center","background-size":"auto","background-attachment":"scroll","background-type":"","background-media":"","overlay-type":"","overlay-color":"","overlay-opacity":"","overlay-gradient":""}},"ast-content-background-meta":{"desktop":{"background-color":"var(--ast-global-color-5)","background-image":"","background-repeat":"repeat","background-position":"center center","background-size":"auto","background-attachment":"scroll","background-type":"","background-media":"","overlay-type":"","overlay-color":"","overlay-opacity":"","overlay-gradient":""},"tablet":{"background-color":"var(--ast-global-color-5)","background-image":"","background-repeat":"repeat","background-position":"center center","background-size":"auto","background-attachment":"scroll","background-type":"","background-media":"","overlay-type":"","overlay-color":"","overlay-opacity":"","overlay-gradient":""},"mobile":{"background-color":"var(--ast-global-color-5)","background-image":"","background-repeat":"repeat","background-position":"center center","background-size":"auto","background-attachment":"scroll","background-type":"","background-media":"","overlay-type":"","overlay-color":"","overlay-opacity":"","overlay-gradient":""}},"footnotes":""},"categories":[],"tags":[],"class_list":["post-30222","page","type-page","status-publish","hentry"],"featured_image_urls_v2":{"full":"","thumbnail":"","medium":"","medium_large":"","large":"","1536x1536":"","2048x2048":"","menu-24x24":"","menu-36x36":"","menu-48x48":""},"post_excerpt_stackable_v2":"<p>Scientific Board 2022 &#8211; 2025 Scientific coordinator &#8211; Prof.\u00a0Val\u00e9rie\u00a0Cohen-Scali (INETOP-CNAM, Paris, France)\u00a0valerie.cohenscali@lecnam.net Project coordinator &#8211; Dr Violetta Drabik-Podg\u00f3rna (Institute of Pedagogy Wroc\u0142aw University) violetta.drabik-podgorna@uwr.edu.pl Organisational Supervisor &#8211; Dr Marek Podg\u00f3rny (Institute of Pedagogy Wroc\u0142aw University) marek.podgorny@uwr.edu.pl Honorary Chairs: Prof. Jean Guichard (Emeritus Professor INETOP-CNAM, Paris, France) jean.guichard@lecnam.net Prof. Maria Eduarda Duarte (Emeritus Professor University of Lisbon, Portugal) maria.ec.duarte@gmail.com Scientific Council members: Prof. Gabriela Aisenson (University of Buenos Aires &#8211; Argentina) Prof. Donna M. San Antonio (Lesley University &#8211; USA) Prof. Jacques Pouyaud (University of Bordeaux &#8211; France) Prof. Jacobus Gideon Maree (University of Pretoria, South Africa) Prof. Marcelo Afonso Ribeiro&hellip;<\/p>\n","category_list_v2":"Uncategorized","author_info_v2":{"name":"vdrabikpodgorna","url":"https:\/\/unesco.uwr.edu.pl\/en\/author\/vdrabikpodgorna\/"},"comments_num_v2":"0 comments","acf":[],"yoast_head":"<!-- This site is optimized with the Yoast SEO plugin v27.1.1 - https:\/\/yoast.com\/product\/yoast-seo-wordpress\/ -->\n<title>Scientific Board 2022 - 2025 - UNESCO Chair on Lifelong Guidance and Counseling<\/title>\n<meta name=\"description\" content=\"UNESCO Chair on Lifelong Guidance and Counseling\" \/>\n<meta name=\"robots\" content=\"index, follow, max-snippet:-1, max-image-preview:large, max-video-preview:-1\" \/>\n<link rel=\"canonical\" href=\"https:\/\/unesco.uwr.edu.pl\/o-katedrze\/rada-naukowa-katedry-unesco-calozyciowego-poradnictwa-zawodowego-w-latach-2017-2021\/\" \/>\n<meta property=\"og:locale\" content=\"en_US\" \/>\n<meta property=\"og:type\" content=\"article\" \/>\n<meta property=\"og:title\" content=\"Scientific Board 2022 - 2025 - UNESCO Chair on Lifelong Guidance and Counseling\" \/>\n<meta property=\"og:description\" content=\"UNESCO Chair on Lifelong Guidance and Counseling\" \/>\n<meta property=\"og:url\" content=\"https:\/\/unesco.uwr.edu.pl\/o-katedrze\/rada-naukowa-katedry-unesco-calozyciowego-poradnictwa-zawodowego-w-latach-2017-2021\/\" \/>\n<meta property=\"og:site_name\" content=\"UNESCO Chair on Lifelong Guidance and Counseling\" \/>\n<meta property=\"article:modified_time\" content=\"2025-04-14T16:17:50+00:00\" \/>\n<meta property=\"og:image\" content=\"https:\/\/unesco.uwr.edu.pl\/wp-content\/uploads\/sites\/155\/2022\/08\/rada-naukowa-683x1024.jpeg\" \/>\n<meta name=\"twitter:card\" content=\"summary_large_image\" \/>\n<meta name=\"twitter:label1\" content=\"Est. reading time\" \/>\n\t<meta name=\"twitter:data1\" content=\"1 minute\" \/>\n<script type=\"application\/ld+json\" class=\"yoast-schema-graph\">{\"@context\":\"https:\/\/schema.org\",\"@graph\":[{\"@type\":\"WebPage\",\"@id\":\"https:\/\/unesco.uwr.edu.pl\/o-katedrze\/rada-naukowa-katedry-unesco-calozyciowego-poradnictwa-zawodowego-w-latach-2017-2021\/\",\"url\":\"https:\/\/unesco.uwr.edu.pl\/o-katedrze\/rada-naukowa-katedry-unesco-calozyciowego-poradnictwa-zawodowego-w-latach-2017-2021\/\",\"name\":\"Scientific Board 2022 - 2025 - UNESCO Chair on Lifelong Guidance and Counseling\",\"isPartOf\":{\"@id\":\"https:\/\/unesco.uwr.edu.pl\/#website\"},\"primaryImageOfPage\":{\"@id\":\"https:\/\/unesco.uwr.edu.pl\/o-katedrze\/rada-naukowa-katedry-unesco-calozyciowego-poradnictwa-zawodowego-w-latach-2017-2021\/#primaryimage\"},\"image\":{\"@id\":\"https:\/\/unesco.uwr.edu.pl\/o-katedrze\/rada-naukowa-katedry-unesco-calozyciowego-poradnictwa-zawodowego-w-latach-2017-2021\/#primaryimage\"},\"thumbnailUrl\":\"https:\/\/unesco.uwr.edu.pl\/wp-content\/uploads\/sites\/155\/2022\/08\/rada-naukowa-683x1024.jpeg\",\"datePublished\":\"2022-08-01T10:15:26+00:00\",\"dateModified\":\"2025-04-14T16:17:50+00:00\",\"description\":\"UNESCO Chair on Lifelong Guidance and Counseling\",\"breadcrumb\":{\"@id\":\"https:\/\/unesco.uwr.edu.pl\/o-katedrze\/rada-naukowa-katedry-unesco-calozyciowego-poradnictwa-zawodowego-w-latach-2017-2021\/#breadcrumb\"},\"inLanguage\":\"en-US\",\"potentialAction\":[{\"@type\":\"ReadAction\",\"target\":[\"https:\/\/unesco.uwr.edu.pl\/o-katedrze\/rada-naukowa-katedry-unesco-calozyciowego-poradnictwa-zawodowego-w-latach-2017-2021\/\"]}]},{\"@type\":\"ImageObject\",\"inLanguage\":\"en-US\",\"@id\":\"https:\/\/unesco.uwr.edu.pl\/o-katedrze\/rada-naukowa-katedry-unesco-calozyciowego-poradnictwa-zawodowego-w-latach-2017-2021\/#primaryimage\",\"url\":\"https:\/\/unesco.uwr.edu.pl\/wp-content\/uploads\/sites\/155\/2022\/08\/rada-naukowa-683x1024.jpeg\",\"contentUrl\":\"https:\/\/unesco.uwr.edu.pl\/wp-content\/uploads\/sites\/155\/2022\/08\/rada-naukowa-683x1024.jpeg\"},{\"@type\":\"BreadcrumbList\",\"@id\":\"https:\/\/unesco.uwr.edu.pl\/o-katedrze\/rada-naukowa-katedry-unesco-calozyciowego-poradnictwa-zawodowego-w-latach-2017-2021\/#breadcrumb\",\"itemListElement\":[{\"@type\":\"ListItem\",\"position\":1,\"name\":\"Strona g\u0142\u00f3wna\",\"item\":\"https:\/\/unesco.uwr.edu.pl\/en\/\"},{\"@type\":\"ListItem\",\"position\":2,\"name\":\"About us\",\"item\":\"https:\/\/unesco.uwr.edu.pl\/en\/o-katedrze\/\"},{\"@type\":\"ListItem\",\"position\":3,\"name\":\"Scientific Board 2022 &#8211; 2025\"}]},{\"@type\":\"WebSite\",\"@id\":\"https:\/\/unesco.uwr.edu.pl\/#website\",\"url\":\"https:\/\/unesco.uwr.edu.pl\/\",\"name\":\"UNESCO Chair on Lifelong Guidance and Counseling\",\"description\":\"Kolejna witryna sieci \u201eUWR Witryny\u201d\",\"publisher\":{\"@id\":\"https:\/\/unesco.uwr.edu.pl\/#organization\"},\"potentialAction\":[{\"@type\":\"SearchAction\",\"target\":{\"@type\":\"EntryPoint\",\"urlTemplate\":\"https:\/\/unesco.uwr.edu.pl\/?s={search_term_string}\"},\"query-input\":{\"@type\":\"PropertyValueSpecification\",\"valueRequired\":true,\"valueName\":\"search_term_string\"}}],\"inLanguage\":\"en-US\"},{\"@type\":\"Organization\",\"@id\":\"https:\/\/unesco.uwr.edu.pl\/#organization\",\"name\":\"UNESCO Chair on Lifelong Guidance and Counseling\",\"url\":\"https:\/\/unesco.uwr.edu.pl\/\",\"logo\":{\"@type\":\"ImageObject\",\"inLanguage\":\"en-US\",\"@id\":\"https:\/\/unesco.uwr.edu.pl\/#\/schema\/logo\/image\/\",\"url\":\"https:\/\/unesco.uwr.edu.pl\/wp-content\/uploads\/sites\/155\/2025\/10\/UWr-logotyp-2025.png\",\"contentUrl\":\"https:\/\/unesco.uwr.edu.pl\/wp-content\/uploads\/sites\/155\/2025\/10\/UWr-logotyp-2025.png\",\"width\":764,\"height\":269,\"caption\":\"UNESCO Chair on Lifelong Guidance and Counseling\"},\"image\":{\"@id\":\"https:\/\/unesco.uwr.edu.pl\/#\/schema\/logo\/image\/\"}}]}<\/script>\n<!-- \/ Yoast SEO plugin. -->","yoast_head_json":{"title":"Scientific Board 2022 - 2025 - UNESCO Chair on Lifelong Guidance and Counseling","description":"UNESCO Chair on Lifelong Guidance and Counseling","robots":{"index":"index","follow":"follow","max-snippet":"max-snippet:-1","max-image-preview":"max-image-preview:large","max-video-preview":"max-video-preview:-1"},"canonical":"https:\/\/unesco.uwr.edu.pl\/o-katedrze\/rada-naukowa-katedry-unesco-calozyciowego-poradnictwa-zawodowego-w-latach-2017-2021\/","og_locale":"en_US","og_type":"article","og_title":"Scientific Board 2022 - 2025 - UNESCO Chair on Lifelong Guidance and Counseling","og_description":"UNESCO Chair on Lifelong Guidance and Counseling","og_url":"https:\/\/unesco.uwr.edu.pl\/o-katedrze\/rada-naukowa-katedry-unesco-calozyciowego-poradnictwa-zawodowego-w-latach-2017-2021\/","og_site_name":"UNESCO Chair on Lifelong Guidance and Counseling","article_modified_time":"2025-04-14T16:17:50+00:00","og_image":[{"url":"https:\/\/unesco.uwr.edu.pl\/wp-content\/uploads\/sites\/155\/2022\/08\/rada-naukowa-683x1024.jpeg","type":"","width":"","height":""}],"twitter_card":"summary_large_image","twitter_misc":{"Est. reading time":"1 minute"},"schema":{"@context":"https:\/\/schema.org","@graph":[{"@type":"WebPage","@id":"https:\/\/unesco.uwr.edu.pl\/o-katedrze\/rada-naukowa-katedry-unesco-calozyciowego-poradnictwa-zawodowego-w-latach-2017-2021\/","url":"https:\/\/unesco.uwr.edu.pl\/o-katedrze\/rada-naukowa-katedry-unesco-calozyciowego-poradnictwa-zawodowego-w-latach-2017-2021\/","name":"Scientific Board 2022 - 2025 - UNESCO Chair on Lifelong Guidance and Counseling","isPartOf":{"@id":"https:\/\/unesco.uwr.edu.pl\/#website"},"primaryImageOfPage":{"@id":"https:\/\/unesco.uwr.edu.pl\/o-katedrze\/rada-naukowa-katedry-unesco-calozyciowego-poradnictwa-zawodowego-w-latach-2017-2021\/#primaryimage"},"image":{"@id":"https:\/\/unesco.uwr.edu.pl\/o-katedrze\/rada-naukowa-katedry-unesco-calozyciowego-poradnictwa-zawodowego-w-latach-2017-2021\/#primaryimage"},"thumbnailUrl":"https:\/\/unesco.uwr.edu.pl\/wp-content\/uploads\/sites\/155\/2022\/08\/rada-naukowa-683x1024.jpeg","datePublished":"2022-08-01T10:15:26+00:00","dateModified":"2025-04-14T16:17:50+00:00","description":"UNESCO Chair on Lifelong Guidance and Counseling","breadcrumb":{"@id":"https:\/\/unesco.uwr.edu.pl\/o-katedrze\/rada-naukowa-katedry-unesco-calozyciowego-poradnictwa-zawodowego-w-latach-2017-2021\/#breadcrumb"},"inLanguage":"en-US","potentialAction":[{"@type":"ReadAction","target":["https:\/\/unesco.uwr.edu.pl\/o-katedrze\/rada-naukowa-katedry-unesco-calozyciowego-poradnictwa-zawodowego-w-latach-2017-2021\/"]}]},{"@type":"ImageObject","inLanguage":"en-US","@id":"https:\/\/unesco.uwr.edu.pl\/o-katedrze\/rada-naukowa-katedry-unesco-calozyciowego-poradnictwa-zawodowego-w-latach-2017-2021\/#primaryimage","url":"https:\/\/unesco.uwr.edu.pl\/wp-content\/uploads\/sites\/155\/2022\/08\/rada-naukowa-683x1024.jpeg","contentUrl":"https:\/\/unesco.uwr.edu.pl\/wp-content\/uploads\/sites\/155\/2022\/08\/rada-naukowa-683x1024.jpeg"},{"@type":"BreadcrumbList","@id":"https:\/\/unesco.uwr.edu.pl\/o-katedrze\/rada-naukowa-katedry-unesco-calozyciowego-poradnictwa-zawodowego-w-latach-2017-2021\/#breadcrumb","itemListElement":[{"@type":"ListItem","position":1,"name":"Strona g\u0142\u00f3wna","item":"https:\/\/unesco.uwr.edu.pl\/en\/"},{"@type":"ListItem","position":2,"name":"About us","item":"https:\/\/unesco.uwr.edu.pl\/en\/o-katedrze\/"},{"@type":"ListItem","position":3,"name":"Scientific Board 2022 &#8211; 2025"}]},{"@type":"WebSite","@id":"https:\/\/unesco.uwr.edu.pl\/#website","url":"https:\/\/unesco.uwr.edu.pl\/","name":"UNESCO Chair on Lifelong Guidance and Counseling","description":"Kolejna witryna sieci \u201eUWR Witryny\u201d","publisher":{"@id":"https:\/\/unesco.uwr.edu.pl\/#organization"},"potentialAction":[{"@type":"SearchAction","target":{"@type":"EntryPoint","urlTemplate":"https:\/\/unesco.uwr.edu.pl\/?s={search_term_string}"},"query-input":{"@type":"PropertyValueSpecification","valueRequired":true,"valueName":"search_term_string"}}],"inLanguage":"en-US"},{"@type":"Organization","@id":"https:\/\/unesco.uwr.edu.pl\/#organization","name":"UNESCO Chair on Lifelong Guidance and Counseling","url":"https:\/\/unesco.uwr.edu.pl\/","logo":{"@type":"ImageObject","inLanguage":"en-US","@id":"https:\/\/unesco.uwr.edu.pl\/#\/schema\/logo\/image\/","url":"https:\/\/unesco.uwr.edu.pl\/wp-content\/uploads\/sites\/155\/2025\/10\/UWr-logotyp-2025.png","contentUrl":"https:\/\/unesco.uwr.edu.pl\/wp-content\/uploads\/sites\/155\/2025\/10\/UWr-logotyp-2025.png","width":764,"height":269,"caption":"UNESCO Chair on Lifelong Guidance and Counseling"},"image":{"@id":"https:\/\/unesco.uwr.edu.pl\/#\/schema\/logo\/image\/"}}]}},"publishpress_future_action":{"enabled":false,"date":"2026-04-29 02:01:36","action":"change-status","newStatus":"draft","terms":[],"taxonomy":"category","extraData":[]},"publishpress_future_workflow_manual_trigger":{"enabledWorkflows":[]},"_links":{"self":[{"href":"https:\/\/unesco.uwr.edu.pl\/en\/wp-json\/wp\/v2\/pages\/30222\/"}],"collection":[{"href":"https:\/\/unesco.uwr.edu.pl\/en\/wp-json\/wp\/v2\/pages\/"}],"about":[{"href":"https:\/\/unesco.uwr.edu.pl\/en\/wp-json\/wp\/v2\/types\/page\/"}],"author":[{"embeddable":true,"href":"https:\/\/unesco.uwr.edu.pl\/en\/wp-json\/wp\/v2\/users\/584\/"}],"replies":[{"embeddable":true,"href":"https:\/\/unesco.uwr.edu.pl\/en\/wp-json\/wp\/v2\/comments\/?post=30222"}],"version-history":[{"count":5,"href":"https:\/\/unesco.uwr.edu.pl\/en\/wp-json\/wp\/v2\/pages\/30222\/revisions\/"}],"predecessor-version":[{"id":37846,"href":"https:\/\/unesco.uwr.edu.pl\/en\/wp-json\/wp\/v2\/pages\/30222\/revisions\/37846\/"}],"up":[{"embeddable":true,"href":"https:\/\/unesco.uwr.edu.pl\/en\/wp-json\/wp\/v2\/pages\/30186\/"}],"wp:attachment":[{"href":"https:\/\/unesco.uwr.edu.pl\/en\/wp-json\/wp\/v2\/media\/?parent=30222"}],"wp:term":[{"taxonomy":"category","embeddable":true,"href":"https:\/\/unesco.uwr.edu.pl\/en\/wp-json\/wp\/v2\/categories\/?post=30222"},{"taxonomy":"post_tag","embeddable":true,"href":"https:\/\/unesco.uwr.edu.pl\/en\/wp-json\/wp\/v2\/tags\/?post=30222"}],"curies":[{"name":"wp","href":"https:\/\/api.w.org\/{rel}","templated":true}]}}