{"id":30246,"date":"2023-03-16T10:32:21","date_gmt":"2023-03-16T09:32:21","guid":{"rendered":"https:\/\/unesco.uwr.edu.pl\/dzialania\/"},"modified":"2023-03-16T11:11:34","modified_gmt":"2023-03-16T10:11:34","slug":"dzialania","status":"publish","type":"page","link":"https:\/\/unesco.uwr.edu.pl\/en\/dzialania\/","title":{"rendered":"Activities"},"content":{"rendered":"\n<div class=\"wp-block-ugb-container ugb-container blok_nowa_podstrona ugb-8dda971 ugb-container--v2 ugb-container--design-plain ugb-main-block\"><div class=\"ugb-inner-block\"><div class=\"ugb-block-content\"><div class=\"ugb-container__wrapper ugb-8dda971-wrapper\"><div class=\"ugb-container__side\"><div class=\"ugb-container__content-wrapper ugb-8dda971-content-wrapper\">\n<div class=\"wp-block-columns bs-news-page is-layout-flex wp-block-columns-is-layout-flex\">\n<div class=\"wp-block-column bs-kontakt-photo is-layout-flow wp-block-column-is-layout-flow\">\n<figure class=\"wp-block-image size-large\"><img loading=\"lazy\" decoding=\"async\" width=\"1024\" height=\"683\" src=\"https:\/\/unesco.uwr.edu.pl\/wp-content\/uploads\/sites\/155\/2023\/01\/2017_gmach_Dominika-Hull_38_Balkon-1024x683.jpg\" alt=\"Widok na bram\u0119 gmachu g\u0142\u00f3wnego\" class=\"wp-image-29385\" srcset=\"https:\/\/unesco.uwr.edu.pl\/wp-content\/uploads\/sites\/155\/2023\/01\/2017_gmach_Dominika-Hull_38_Balkon-1024x683.jpg 1024w, https:\/\/unesco.uwr.edu.pl\/wp-content\/uploads\/sites\/155\/2023\/01\/2017_gmach_Dominika-Hull_38_Balkon-300x200.jpg 300w, https:\/\/unesco.uwr.edu.pl\/wp-content\/uploads\/sites\/155\/2023\/01\/2017_gmach_Dominika-Hull_38_Balkon-768x512.jpg 768w, https:\/\/unesco.uwr.edu.pl\/wp-content\/uploads\/sites\/155\/2023\/01\/2017_gmach_Dominika-Hull_38_Balkon-1536x1024.jpg 1536w, https:\/\/unesco.uwr.edu.pl\/wp-content\/uploads\/sites\/155\/2023\/01\/2017_gmach_Dominika-Hull_38_Balkon-2048x1365.jpg 2048w, https:\/\/unesco.uwr.edu.pl\/wp-content\/uploads\/sites\/155\/2023\/01\/2017_gmach_Dominika-Hull_38_Balkon-1320x880.jpg 1320w, https:\/\/unesco.uwr.edu.pl\/wp-content\/uploads\/sites\/155\/2023\/01\/2017_gmach_Dominika-Hull_38_Balkon-24x16.jpg 24w, https:\/\/unesco.uwr.edu.pl\/wp-content\/uploads\/sites\/155\/2023\/01\/2017_gmach_Dominika-Hull_38_Balkon-36x24.jpg 36w, https:\/\/unesco.uwr.edu.pl\/wp-content\/uploads\/sites\/155\/2023\/01\/2017_gmach_Dominika-Hull_38_Balkon-48x32.jpg 48w, https:\/\/unesco.uwr.edu.pl\/wp-content\/uploads\/sites\/155\/2023\/01\/2017_gmach_Dominika-Hull_38_Balkon.jpg 1600w\" sizes=\"auto, (max-width: 1024px) 100vw, 1024px\" \/><\/figure>\n<\/div>\n\n\n\n<div class=\"wp-block-column bs-contact-right-column is-layout-flow wp-block-column-is-layout-flow\">\n<div class=\"wp-block-bonasoft-modular-breadcrumbs-block\"><div class=\"bs_add_breadcrumb_trail\"><\/div><\/div>\n\n\n\n<hr class=\"wp-block-separator has-text-color has-background has-black-background-color has-black-color is-style-wide bs-border-kontakt\"\/>\n\n\n<h1 style=\"font-style:normal;font-weight:700;\" class=\"bs-naglowek-podstrony wp-block-post-title\">Activities<\/h1>\n\n<ul class=\"bs-pageList-container\">\n\n           \n        <a class=\"bs-pageList-linked\" href=\"https:\/\/unesco.uwr.edu.pl\/en\/dzialania\/badania-naukowe\/\">\n        <li>\n        <div class=\"parent-page\">\n            <p> \n                Research            <\/p>\n            <div class=\"bs-links-icon\">\n            <svg width=\"40px\" height=\"40px\" viewBox=\"0 0 22 16\" version=\"1.1\"><g stroke=\"none\" strokewidth=\"1\" fill=\"white\" fillrule=\"evenodd\"><g><polygon points=\"13.4875 0 12 1.6215 18.7875 8 12 14.3795 13.4875 16 21.9995 8\"><\/polygon><\/g><\/g><\/svg>\n        <\/div>\n        <\/div>\n        <\/li>\n    <\/a>\n  \n       \n        <a class=\"bs-pageList-linked\" href=\"https:\/\/unesco.uwr.edu.pl\/en\/dzialania\/studies\/\">\n        <li>\n        <div class=\"parent-page\">\n            <p> \n                Studies            <\/p>\n            <div class=\"bs-links-icon\">\n            <svg width=\"40px\" height=\"40px\" viewBox=\"0 0 22 16\" version=\"1.1\"><g stroke=\"none\" strokewidth=\"1\" fill=\"white\" fillrule=\"evenodd\"><g><polygon points=\"13.4875 0 12 1.6215 18.7875 8 12 14.3795 13.4875 16 21.9995 8\"><\/polygon><\/g><\/g><\/svg>\n        <\/div>\n        <\/div>\n        <\/li>\n    <\/a>\n  \n       \n        <a class=\"bs-pageList-linked\" href=\"https:\/\/unesco.uwr.edu.pl\/en\/dzialania\/career-days\/\">\n        <li>\n        <div class=\"parent-page\">\n            <p> \n                Career Days            <\/p>\n            <div class=\"bs-links-icon\">\n            <svg width=\"40px\" height=\"40px\" viewBox=\"0 0 22 16\" version=\"1.1\"><g stroke=\"none\" strokewidth=\"1\" fill=\"white\" fillrule=\"evenodd\"><g><polygon points=\"13.4875 0 12 1.6215 18.7875 8 12 14.3795 13.4875 16 21.9995 8\"><\/polygon><\/g><\/g><\/svg>\n        <\/div>\n        <\/div>\n        <\/li>\n    <\/a>\n  \n       \n        <a class=\"bs-pageList-linked\" href=\"https:\/\/unesco.uwr.edu.pl\/en\/dzialania\/seminaria-naukowe\/\">\n        <li>\n        <div class=\"parent-page\">\n            <p> \n                Seminars and workshops            <\/p>\n            <div class=\"bs-links-icon\">\n            <svg width=\"40px\" height=\"40px\" viewBox=\"0 0 22 16\" version=\"1.1\"><g stroke=\"none\" strokewidth=\"1\" fill=\"white\" fillrule=\"evenodd\"><g><polygon points=\"13.4875 0 12 1.6215 18.7875 8 12 14.3795 13.4875 16 21.9995 8\"><\/polygon><\/g><\/g><\/svg>\n        <\/div>\n        <\/div>\n        <\/li>\n    <\/a>\n  \n       \n        <a class=\"bs-pageList-linked\" href=\"https:\/\/unesco.uwr.edu.pl\/en\/dzialania\/konferencje-2\/\">\n        <li>\n        <div class=\"parent-page\">\n            <p> \n                Conferences            <\/p>\n            <div class=\"bs-links-icon\">\n            <svg width=\"40px\" height=\"40px\" viewBox=\"0 0 22 16\" version=\"1.1\"><g stroke=\"none\" strokewidth=\"1\" fill=\"white\" fillrule=\"evenodd\"><g><polygon points=\"13.4875 0 12 1.6215 18.7875 8 12 14.3795 13.4875 16 21.9995 8\"><\/polygon><\/g><\/g><\/svg>\n        <\/div>\n        <\/div>\n        <\/li>\n    <\/a>\n  \n       \n        <a class=\"bs-pageList-linked\" href=\"https:\/\/unesco.uwr.edu.pl\/en\/dzialania\/publikacje\/\">\n        <li>\n        <div class=\"parent-page\">\n            <p> \n                Publications            <\/p>\n            <div class=\"bs-links-icon\">\n            <svg width=\"40px\" height=\"40px\" viewBox=\"0 0 22 16\" version=\"1.1\"><g stroke=\"none\" strokewidth=\"1\" fill=\"white\" fillrule=\"evenodd\"><g><polygon points=\"13.4875 0 12 1.6215 18.7875 8 12 14.3795 13.4875 16 21.9995 8\"><\/polygon><\/g><\/g><\/svg>\n        <\/div>\n        <\/div>\n        <\/li>\n    <\/a>\n  \n\n    <\/ul>\n<\/div>\n<\/div>\n\n\n\n<div class=\"wp-block-ugb-container ugb-container bs-news-page-under ugb-f8694ce ugb-container--v2 ugb-container--design-plain ugb-main-block\"><div class=\"ugb-inner-block\"><div class=\"ugb-block-content\"><div class=\"ugb-container__wrapper ugb-f8694ce-wrapper\"><div class=\"ugb-container__side\"><div class=\"ugb-container__content-wrapper ugb-f8694ce-content-wrapper\">\n<p><\/p>\n<\/div><\/div><\/div><\/div><\/div><\/div>\n<\/div><\/div><\/div><\/div><\/div><\/div>\n","protected":false},"excerpt":{"rendered":"","protected":false},"author":37,"featured_media":0,"parent":0,"menu_order":0,"comment_status":"closed","ping_status":"closed","template":"","meta":{"_acf_changed":false,"inline_featured_image":false,"site-sidebar-layout":"default","site-content-layout":"","ast-site-content-layout":"default","site-content-style":"default","site-sidebar-style":"default","ast-global-header-display":"","ast-banner-title-visibility":"","ast-main-header-display":"","ast-hfb-above-header-display":"","ast-hfb-below-header-display":"","ast-hfb-mobile-header-display":"","site-post-title":"","ast-breadcrumbs-content":"","ast-featured-img":"","footer-sml-layout":"","ast-disable-related-posts":"","theme-transparent-header-meta":"","adv-header-id-meta":"","stick-header-meta":"","header-above-stick-meta":"","header-main-stick-meta":"","header-below-stick-meta":"","astra-migrate-meta-layouts":"default","ast-page-background-enabled":"default","ast-page-background-meta":{"desktop":{"background-color":"","background-image":"","background-repeat":"repeat","background-position":"center center","background-size":"auto","background-attachment":"scroll","background-type":"","background-media":"","overlay-type":"","overlay-color":"","overlay-opacity":"","overlay-gradient":""},"tablet":{"background-color":"","background-image":"","background-repeat":"repeat","background-position":"center center","background-size":"auto","background-attachment":"scroll","background-type":"","background-media":"","overlay-type":"","overlay-color":"","overlay-opacity":"","overlay-gradient":""},"mobile":{"background-color":"","background-image":"","background-repeat":"repeat","background-position":"center center","background-size":"auto","background-attachment":"scroll","background-type":"","background-media":"","overlay-type":"","overlay-color":"","overlay-opacity":"","overlay-gradient":""}},"ast-content-background-meta":{"desktop":{"background-color":"var(--ast-global-color-5)","background-image":"","background-repeat":"repeat","background-position":"center center","background-size":"auto","background-attachment":"scroll","background-type":"","background-media":"","overlay-type":"","overlay-color":"","overlay-opacity":"","overlay-gradient":""},"tablet":{"background-color":"var(--ast-global-color-5)","background-image":"","background-repeat":"repeat","background-position":"center center","background-size":"auto","background-attachment":"scroll","background-type":"","background-media":"","overlay-type":"","overlay-color":"","overlay-opacity":"","overlay-gradient":""},"mobile":{"background-color":"var(--ast-global-color-5)","background-image":"","background-repeat":"repeat","background-position":"center center","background-size":"auto","background-attachment":"scroll","background-type":"","background-media":"","overlay-type":"","overlay-color":"","overlay-opacity":"","overlay-gradient":""}},"footnotes":""},"categories":[],"tags":[],"class_list":["post-30246","page","type-page","status-publish","hentry"],"featured_image_urls_v2":{"full":"","thumbnail":"","medium":"","medium_large":"","large":"","1536x1536":"","2048x2048":"","menu-24x24":"","menu-36x36":"","menu-48x48":""},"post_excerpt_stackable_v2":"<p>Activities Research Studies Career Days Seminars and workshops Conferences Publications<\/p>\n","category_list_v2":"Uncategorized","author_info_v2":{"name":"Izabela Jaraszek","url":"https:\/\/unesco.uwr.edu.pl\/en\/author\/ijaraszek\/"},"comments_num_v2":"0 comments","acf":[],"yoast_head":"<!-- This site is optimized with the Yoast SEO plugin v27.1.1 - https:\/\/yoast.com\/product\/yoast-seo-wordpress\/ -->\n<title>Activities - UNESCO Chair on Lifelong Guidance and Counseling<\/title>\n<meta name=\"description\" content=\"UNESCO Chair on Lifelong Guidance and Counseling\" \/>\n<meta name=\"robots\" content=\"index, follow, max-snippet:-1, max-image-preview:large, max-video-preview:-1\" \/>\n<link rel=\"canonical\" href=\"https:\/\/unesco.uwr.edu.pl\/dzialania\/\" \/>\n<meta property=\"og:locale\" content=\"en_US\" \/>\n<meta property=\"og:type\" content=\"article\" \/>\n<meta property=\"og:title\" content=\"Activities - UNESCO Chair on Lifelong Guidance and Counseling\" \/>\n<meta property=\"og:description\" content=\"UNESCO Chair on Lifelong Guidance and Counseling\" \/>\n<meta property=\"og:url\" content=\"https:\/\/unesco.uwr.edu.pl\/dzialania\/\" \/>\n<meta property=\"og:site_name\" content=\"UNESCO Chair on Lifelong Guidance and Counseling\" \/>\n<meta property=\"article:modified_time\" content=\"2023-03-16T10:11:34+00:00\" \/>\n<meta property=\"og:image\" content=\"https:\/\/unesco.uwr.edu.pl\/wp-content\/uploads\/sites\/155\/2023\/01\/2017_gmach_Dominika-Hull_38_Balkon-1024x683.jpg\" \/>\n<meta name=\"twitter:card\" content=\"summary_large_image\" \/>\n<meta name=\"twitter:label1\" content=\"Est. reading time\" \/>\n\t<meta name=\"twitter:data1\" content=\"1 minute\" \/>\n<script type=\"application\/ld+json\" class=\"yoast-schema-graph\">{\"@context\":\"https:\/\/schema.org\",\"@graph\":[{\"@type\":\"WebPage\",\"@id\":\"https:\/\/unesco.uwr.edu.pl\/dzialania\/\",\"url\":\"https:\/\/unesco.uwr.edu.pl\/dzialania\/\",\"name\":\"Activities - UNESCO Chair on Lifelong Guidance and Counseling\",\"isPartOf\":{\"@id\":\"https:\/\/unesco.uwr.edu.pl\/#website\"},\"primaryImageOfPage\":{\"@id\":\"https:\/\/unesco.uwr.edu.pl\/dzialania\/#primaryimage\"},\"image\":{\"@id\":\"https:\/\/unesco.uwr.edu.pl\/dzialania\/#primaryimage\"},\"thumbnailUrl\":\"https:\/\/unesco.uwr.edu.pl\/wp-content\/uploads\/sites\/155\/2023\/01\/2017_gmach_Dominika-Hull_38_Balkon-1024x683.jpg\",\"datePublished\":\"2023-03-16T09:32:21+00:00\",\"dateModified\":\"2023-03-16T10:11:34+00:00\",\"description\":\"UNESCO Chair on Lifelong Guidance and Counseling\",\"breadcrumb\":{\"@id\":\"https:\/\/unesco.uwr.edu.pl\/dzialania\/#breadcrumb\"},\"inLanguage\":\"en-US\",\"potentialAction\":[{\"@type\":\"ReadAction\",\"target\":[\"https:\/\/unesco.uwr.edu.pl\/dzialania\/\"]}]},{\"@type\":\"ImageObject\",\"inLanguage\":\"en-US\",\"@id\":\"https:\/\/unesco.uwr.edu.pl\/dzialania\/#primaryimage\",\"url\":\"https:\/\/unesco.uwr.edu.pl\/wp-content\/uploads\/sites\/155\/2023\/01\/2017_gmach_Dominika-Hull_38_Balkon-1024x683.jpg\",\"contentUrl\":\"https:\/\/unesco.uwr.edu.pl\/wp-content\/uploads\/sites\/155\/2023\/01\/2017_gmach_Dominika-Hull_38_Balkon-1024x683.jpg\"},{\"@type\":\"BreadcrumbList\",\"@id\":\"https:\/\/unesco.uwr.edu.pl\/dzialania\/#breadcrumb\",\"itemListElement\":[{\"@type\":\"ListItem\",\"position\":1,\"name\":\"Strona g\u0142\u00f3wna\",\"item\":\"https:\/\/unesco.uwr.edu.pl\/en\/\"},{\"@type\":\"ListItem\",\"position\":2,\"name\":\"Activities\"}]},{\"@type\":\"WebSite\",\"@id\":\"https:\/\/unesco.uwr.edu.pl\/#website\",\"url\":\"https:\/\/unesco.uwr.edu.pl\/\",\"name\":\"UNESCO Chair on Lifelong Guidance and Counseling\",\"description\":\"Kolejna witryna sieci \u201eUWR Witryny\u201d\",\"publisher\":{\"@id\":\"https:\/\/unesco.uwr.edu.pl\/#organization\"},\"potentialAction\":[{\"@type\":\"SearchAction\",\"target\":{\"@type\":\"EntryPoint\",\"urlTemplate\":\"https:\/\/unesco.uwr.edu.pl\/?s={search_term_string}\"},\"query-input\":{\"@type\":\"PropertyValueSpecification\",\"valueRequired\":true,\"valueName\":\"search_term_string\"}}],\"inLanguage\":\"en-US\"},{\"@type\":\"Organization\",\"@id\":\"https:\/\/unesco.uwr.edu.pl\/#organization\",\"name\":\"UNESCO Chair on Lifelong Guidance and Counseling\",\"url\":\"https:\/\/unesco.uwr.edu.pl\/\",\"logo\":{\"@type\":\"ImageObject\",\"inLanguage\":\"en-US\",\"@id\":\"https:\/\/unesco.uwr.edu.pl\/#\/schema\/logo\/image\/\",\"url\":\"https:\/\/unesco.uwr.edu.pl\/wp-content\/uploads\/sites\/155\/2025\/10\/UWr-logotyp-2025.png\",\"contentUrl\":\"https:\/\/unesco.uwr.edu.pl\/wp-content\/uploads\/sites\/155\/2025\/10\/UWr-logotyp-2025.png\",\"width\":764,\"height\":269,\"caption\":\"UNESCO Chair on Lifelong Guidance and Counseling\"},\"image\":{\"@id\":\"https:\/\/unesco.uwr.edu.pl\/#\/schema\/logo\/image\/\"}}]}<\/script>\n<!-- \/ Yoast SEO plugin. -->","yoast_head_json":{"title":"Activities - UNESCO Chair on Lifelong Guidance and Counseling","description":"UNESCO Chair on Lifelong Guidance and Counseling","robots":{"index":"index","follow":"follow","max-snippet":"max-snippet:-1","max-image-preview":"max-image-preview:large","max-video-preview":"max-video-preview:-1"},"canonical":"https:\/\/unesco.uwr.edu.pl\/dzialania\/","og_locale":"en_US","og_type":"article","og_title":"Activities - UNESCO Chair on Lifelong Guidance and Counseling","og_description":"UNESCO Chair on Lifelong Guidance and Counseling","og_url":"https:\/\/unesco.uwr.edu.pl\/dzialania\/","og_site_name":"UNESCO Chair on Lifelong Guidance and Counseling","article_modified_time":"2023-03-16T10:11:34+00:00","og_image":[{"url":"https:\/\/unesco.uwr.edu.pl\/wp-content\/uploads\/sites\/155\/2023\/01\/2017_gmach_Dominika-Hull_38_Balkon-1024x683.jpg","type":"","width":"","height":""}],"twitter_card":"summary_large_image","twitter_misc":{"Est. reading time":"1 minute"},"schema":{"@context":"https:\/\/schema.org","@graph":[{"@type":"WebPage","@id":"https:\/\/unesco.uwr.edu.pl\/dzialania\/","url":"https:\/\/unesco.uwr.edu.pl\/dzialania\/","name":"Activities - UNESCO Chair on Lifelong Guidance and Counseling","isPartOf":{"@id":"https:\/\/unesco.uwr.edu.pl\/#website"},"primaryImageOfPage":{"@id":"https:\/\/unesco.uwr.edu.pl\/dzialania\/#primaryimage"},"image":{"@id":"https:\/\/unesco.uwr.edu.pl\/dzialania\/#primaryimage"},"thumbnailUrl":"https:\/\/unesco.uwr.edu.pl\/wp-content\/uploads\/sites\/155\/2023\/01\/2017_gmach_Dominika-Hull_38_Balkon-1024x683.jpg","datePublished":"2023-03-16T09:32:21+00:00","dateModified":"2023-03-16T10:11:34+00:00","description":"UNESCO Chair on Lifelong Guidance and Counseling","breadcrumb":{"@id":"https:\/\/unesco.uwr.edu.pl\/dzialania\/#breadcrumb"},"inLanguage":"en-US","potentialAction":[{"@type":"ReadAction","target":["https:\/\/unesco.uwr.edu.pl\/dzialania\/"]}]},{"@type":"ImageObject","inLanguage":"en-US","@id":"https:\/\/unesco.uwr.edu.pl\/dzialania\/#primaryimage","url":"https:\/\/unesco.uwr.edu.pl\/wp-content\/uploads\/sites\/155\/2023\/01\/2017_gmach_Dominika-Hull_38_Balkon-1024x683.jpg","contentUrl":"https:\/\/unesco.uwr.edu.pl\/wp-content\/uploads\/sites\/155\/2023\/01\/2017_gmach_Dominika-Hull_38_Balkon-1024x683.jpg"},{"@type":"BreadcrumbList","@id":"https:\/\/unesco.uwr.edu.pl\/dzialania\/#breadcrumb","itemListElement":[{"@type":"ListItem","position":1,"name":"Strona g\u0142\u00f3wna","item":"https:\/\/unesco.uwr.edu.pl\/en\/"},{"@type":"ListItem","position":2,"name":"Activities"}]},{"@type":"WebSite","@id":"https:\/\/unesco.uwr.edu.pl\/#website","url":"https:\/\/unesco.uwr.edu.pl\/","name":"UNESCO Chair on Lifelong Guidance and Counseling","description":"Kolejna witryna sieci \u201eUWR Witryny\u201d","publisher":{"@id":"https:\/\/unesco.uwr.edu.pl\/#organization"},"potentialAction":[{"@type":"SearchAction","target":{"@type":"EntryPoint","urlTemplate":"https:\/\/unesco.uwr.edu.pl\/?s={search_term_string}"},"query-input":{"@type":"PropertyValueSpecification","valueRequired":true,"valueName":"search_term_string"}}],"inLanguage":"en-US"},{"@type":"Organization","@id":"https:\/\/unesco.uwr.edu.pl\/#organization","name":"UNESCO Chair on Lifelong Guidance and Counseling","url":"https:\/\/unesco.uwr.edu.pl\/","logo":{"@type":"ImageObject","inLanguage":"en-US","@id":"https:\/\/unesco.uwr.edu.pl\/#\/schema\/logo\/image\/","url":"https:\/\/unesco.uwr.edu.pl\/wp-content\/uploads\/sites\/155\/2025\/10\/UWr-logotyp-2025.png","contentUrl":"https:\/\/unesco.uwr.edu.pl\/wp-content\/uploads\/sites\/155\/2025\/10\/UWr-logotyp-2025.png","width":764,"height":269,"caption":"UNESCO Chair on Lifelong Guidance and Counseling"},"image":{"@id":"https:\/\/unesco.uwr.edu.pl\/#\/schema\/logo\/image\/"}}]}},"publishpress_future_action":{"enabled":false,"date":"2026-04-29 03:32:21","action":"change-status","newStatus":"draft","terms":[],"taxonomy":"category","extraData":[]},"publishpress_future_workflow_manual_trigger":{"enabledWorkflows":[]},"_links":{"self":[{"href":"https:\/\/unesco.uwr.edu.pl\/en\/wp-json\/wp\/v2\/pages\/30246\/"}],"collection":[{"href":"https:\/\/unesco.uwr.edu.pl\/en\/wp-json\/wp\/v2\/pages\/"}],"about":[{"href":"https:\/\/unesco.uwr.edu.pl\/en\/wp-json\/wp\/v2\/types\/page\/"}],"author":[{"embeddable":true,"href":"https:\/\/unesco.uwr.edu.pl\/en\/wp-json\/wp\/v2\/users\/37\/"}],"replies":[{"embeddable":true,"href":"https:\/\/unesco.uwr.edu.pl\/en\/wp-json\/wp\/v2\/comments\/?post=30246"}],"version-history":[{"count":1,"href":"https:\/\/unesco.uwr.edu.pl\/en\/wp-json\/wp\/v2\/pages\/30246\/revisions\/"}],"predecessor-version":[{"id":30261,"href":"https:\/\/unesco.uwr.edu.pl\/en\/wp-json\/wp\/v2\/pages\/30246\/revisions\/30261\/"}],"wp:attachment":[{"href":"https:\/\/unesco.uwr.edu.pl\/en\/wp-json\/wp\/v2\/media\/?parent=30246"}],"wp:term":[{"taxonomy":"category","embeddable":true,"href":"https:\/\/unesco.uwr.edu.pl\/en\/wp-json\/wp\/v2\/categories\/?post=30246"},{"taxonomy":"post_tag","embeddable":true,"href":"https:\/\/unesco.uwr.edu.pl\/en\/wp-json\/wp\/v2\/tags\/?post=30246"}],"curies":[{"name":"wp","href":"https:\/\/api.w.org\/{rel}","templated":true}]}}