{"id":30276,"date":"2023-01-18T10:58:03","date_gmt":"2023-01-18T09:58:03","guid":{"rendered":"https:\/\/unesco.uwr.edu.pl\/dzialania\/konferencje-2\/"},"modified":"2023-03-16T11:52:11","modified_gmt":"2023-03-16T10:52:11","slug":"konferencje-2","status":"publish","type":"page","link":"https:\/\/unesco.uwr.edu.pl\/en\/dzialania\/konferencje-2\/","title":{"rendered":"Conferences"},"content":{"rendered":"\n<div id=\"komunikaty aktualnosci-block\" class=\"komunikaty aktualnosci-block \">\n            <h2 class=\"komunikaty aktualnosci-block-naglowek\">Conferences<\/h2>\n            <div class=\"row\">\n                    <div class=\"row first-row\">\n                <div class=\"first-box\">\n                                        <a href=\"https:\/\/unesco.uwr.edu.pl\/en\/2025\/02\/07\/miedzynarodowa-konferencja-hybrydowa-we-florencji\/\">\n                        <div class=\"first-box-header\">\n                                                                                    <div class=\"first-box-background\" style=\"background-image: url('https:\/\/unesco.uwr.edu.pl\/wp-content\/uploads\/sites\/155\/2021\/10\/Konferencja-we-Florencji-37.jpg')\">\n                                <div class=\"first-box-overlay\">\n                                    <div class=\"first-box-title\">\n                                        <h3>International Hybrid Conference in Florence<\/h3>\n                                    <\/div>\n                                <\/div>\n                            <\/div>\n                        <\/div>\n                    <\/a>\n                    <div class=\"first-box-content\">\n                        <span class=\"first-box-content-span\">\n                            International Hybrid Conference in Florence                        <\/span>\n                    <\/div>\n                <\/div>\n                            <\/div>\n            <div class=\"box-clear\"><\/div>\n            <div class=\"row\">\n                \n                    <div class=\"news-box box-number-1\">\n                        <a href=\"https:\/\/unesco.uwr.edu.pl\/en\/2024\/09\/15\/konferencja-miedzynarodowa\/\">\n                            <div class=\"news-box-wrap\">\n\n                                <div class=\"news-box-header\">\n                                                                                                            <div class=\"news-box-background\" style=\"background-image: url('https:\/\/unesco.uwr.edu.pl\/wp-content\/uploads\/sites\/155\/2024\/11\/Tlo-dla-nadziei.jpg')\">\n                                        <div class=\"second-box-overlay\">\n                                            <div class=\"news-box-content\">\n                                                <span>UNITWIN NETWORK CONFERENCE Career Guidance and Counselling for Hope in the Anthropocene<\/span>\n                                            <\/div>\n                                        <\/div>\n                                    <\/div>\n                                <\/div>\n\n\n                                <div class=\"news-box-title\">\n                                    <h3>\n                                        UNITWIN NETWORK International Conference                                    <\/h3>\n                                <\/div>\n\n                            <\/div>\n                        <\/a>\n                    <\/div>\n                                        <? \/\/restore_current_blog();\n                    ?>\n                \n                    <div class=\"news-box box-number-2\">\n                        <a href=\"https:\/\/unesco.uwr.edu.pl\/en\/2022\/10\/27\/v-miedzynarodowa-konferencja-naukowa-2\/\">\n                            <div class=\"news-box-wrap\">\n\n                                <div class=\"news-box-header\">\n                                                                                                            <div class=\"news-box-background\" style=\"background-image: url('https:\/\/unesco.uwr.edu.pl\/wp-content\/uploads\/sites\/155\/2022\/10\/Informacja-3.jpg')\">\n                                        <div class=\"second-box-overlay\">\n                                            <div class=\"news-box-content\">\n                                                <span>V Konferencja Katedry UNESCO<\/span>\n                                            <\/div>\n                                        <\/div>\n                                    <\/div>\n                                <\/div>\n\n\n                                <div class=\"news-box-title\">\n                                    <h3>\n                                        V Mi\u0119dzynarodowa Konferencja Naukowa                                    <\/h3>\n                                <\/div>\n\n                            <\/div>\n                        <\/a>\n                    <\/div>\n                                        <? \/\/restore_current_blog();\n                    ?>\n                \n                    <div class=\"news-box box-number-3\">\n                        <a href=\"https:\/\/unesco.uwr.edu.pl\/en\/2018\/05\/29\/miedzynarodowa-konferencja-unitwin-network24-25-maja-2018\/\">\n                            <div class=\"news-box-wrap\">\n\n                                <div class=\"news-box-header\">\n                                                                                                            <div class=\"news-box-background\" style=\"background-image: url('https:\/\/unesco.uwr.edu.pl\/wp-content\/uploads\/sites\/155\/2018\/05\/UNESCO-Konf-2018-0113-2-1024x535.jpg')\">\n                                        <div class=\"second-box-overlay\">\n                                            <div class=\"news-box-content\">\n                                                <span>IV Mi\u0119dzynarodowa Konferencja UNITWIN NETWORK &#8211; Mi\u0119dzynarodowa Konferencja UNITWIN NETWORK [&#8230;]<\/span>\n                                            <\/div>\n                                        <\/div>\n                                    <\/div>\n                                <\/div>\n\n\n                                <div class=\"news-box-title\">\n                                    <h3>\n                                        IV Mi\u0119dzynarodowa Konferencja Katedry UNESCO                                    <\/h3>\n                                <\/div>\n\n                            <\/div>\n                        <\/a>\n                    <\/div>\n                                        <? \/\/restore_current_blog();\n                    ?>\n                \n                    <div class=\"news-box box-number-4\">\n                        <a href=\"https:\/\/unesco.uwr.edu.pl\/en\/2013\/12\/01\/konferencja-inauguracyjna-2013\/\">\n                            <div class=\"news-box-wrap\">\n\n                                <div class=\"news-box-header\">\n                                                                                                            <div class=\"news-box-background\" style=\"background-image: url('https:\/\/unesco.uwr.edu.pl\/wp-content\/uploads\/sites\/155\/2023\/01\/UNESCO_IPed_029-1024x682.jpg')\">\n                                        <div class=\"second-box-overlay\">\n                                            <div class=\"news-box-content\">\n                                                <span>On 26-27 November, 2013, an international conference on Career Guidance, [&#8230;]<\/span>\n                                            <\/div>\n                                        <\/div>\n                                    <\/div>\n                                <\/div>\n\n\n                                <div class=\"news-box-title\">\n                                    <h3>\n                                        The UNESCO Chair Inaugurating Conference                                    <\/h3>\n                                <\/div>\n\n                            <\/div>\n                        <\/a>\n                    <\/div>\n                                        <? \/\/restore_current_blog();\n                    ?>\n                            <\/div>\n            <div class=\"box-clear\"><\/div>\n                <\/div>\n<div class=\"clear\"><\/div>\n\n\n<\/div>","protected":false},"excerpt":{"rendered":"","protected":false},"author":37,"featured_media":0,"parent":30246,"menu_order":3,"comment_status":"closed","ping_status":"closed","template":"","meta":{"_acf_changed":false,"inline_featured_image":false,"site-sidebar-layout":"default","site-content-layout":"","ast-site-content-layout":"default","site-content-style":"default","site-sidebar-style":"default","ast-global-header-display":"","ast-banner-title-visibility":"","ast-main-header-display":"","ast-hfb-above-header-display":"","ast-hfb-below-header-display":"","ast-hfb-mobile-header-display":"","site-post-title":"","ast-breadcrumbs-content":"","ast-featured-img":"","footer-sml-layout":"","ast-disable-related-posts":"","theme-transparent-header-meta":"","adv-header-id-meta":"","stick-header-meta":"","header-above-stick-meta":"","header-main-stick-meta":"","header-below-stick-meta":"","astra-migrate-meta-layouts":"default","ast-page-background-enabled":"default","ast-page-background-meta":{"desktop":{"background-color":"","background-image":"","background-repeat":"repeat","background-position":"center center","background-size":"auto","background-attachment":"scroll","background-type":"","background-media":"","overlay-type":"","overlay-color":"","overlay-opacity":"","overlay-gradient":""},"tablet":{"background-color":"","background-image":"","background-repeat":"repeat","background-position":"center center","background-size":"auto","background-attachment":"scroll","background-type":"","background-media":"","overlay-type":"","overlay-color":"","overlay-opacity":"","overlay-gradient":""},"mobile":{"background-color":"","background-image":"","background-repeat":"repeat","background-position":"center center","background-size":"auto","background-attachment":"scroll","background-type":"","background-media":"","overlay-type":"","overlay-color":"","overlay-opacity":"","overlay-gradient":""}},"ast-content-background-meta":{"desktop":{"background-color":"var(--ast-global-color-5)","background-image":"","background-repeat":"repeat","background-position":"center center","background-size":"auto","background-attachment":"scroll","background-type":"","background-media":"","overlay-type":"","overlay-color":"","overlay-opacity":"","overlay-gradient":""},"tablet":{"background-color":"var(--ast-global-color-5)","background-image":"","background-repeat":"repeat","background-position":"center center","background-size":"auto","background-attachment":"scroll","background-type":"","background-media":"","overlay-type":"","overlay-color":"","overlay-opacity":"","overlay-gradient":""},"mobile":{"background-color":"var(--ast-global-color-5)","background-image":"","background-repeat":"repeat","background-position":"center center","background-size":"auto","background-attachment":"scroll","background-type":"","background-media":"","overlay-type":"","overlay-color":"","overlay-opacity":"","overlay-gradient":""}},"footnotes":""},"categories":[],"tags":[],"class_list":["post-30276","page","type-page","status-publish","hentry"],"featured_image_urls_v2":{"full":"","thumbnail":"","medium":"","medium_large":"","large":"","1536x1536":"","2048x2048":"","menu-24x24":"","menu-36x36":"","menu-48x48":""},"post_excerpt_stackable_v2":"<p>Conferences International Hybrid Conference in Florence International Hybrid Conference in Florence UNITWIN NETWORK CONFERENCE Career Guidance and Counselling for Hope in the Anthropocene UNITWIN NETWORK International Conference V Konferencja Katedry UNESCO V Mi\u0119dzynarodowa Konferencja Naukowa IV Mi\u0119dzynarodowa Konferencja UNITWIN NETWORK &#8211; Mi\u0119dzynarodowa Konferencja UNITWIN NETWORK [&#8230;] IV Mi\u0119dzynarodowa Konferencja Katedry UNESCO On 26-27 November, 2013, an international conference on Career Guidance, [&#8230;] The UNESCO Chair Inaugurating Conference<\/p>\n","category_list_v2":"Uncategorized","author_info_v2":{"name":"Izabela Jaraszek","url":"https:\/\/unesco.uwr.edu.pl\/en\/author\/ijaraszek\/"},"comments_num_v2":"0 comments","acf":[],"yoast_head":"<!-- This site is optimized with the Yoast SEO plugin v27.1.1 - https:\/\/yoast.com\/product\/yoast-seo-wordpress\/ -->\n<title>Conferences - UNESCO Chair on Lifelong Guidance and Counseling<\/title>\n<meta name=\"description\" content=\"UNESCO Chair on Lifelong Guidance and Counseling\" \/>\n<meta name=\"robots\" content=\"index, follow, max-snippet:-1, max-image-preview:large, max-video-preview:-1\" \/>\n<link rel=\"canonical\" href=\"https:\/\/unesco.uwr.edu.pl\/dzialania\/konferencje-2\/\" \/>\n<meta property=\"og:locale\" content=\"en_US\" \/>\n<meta property=\"og:type\" content=\"article\" \/>\n<meta property=\"og:title\" content=\"Conferences - UNESCO Chair on Lifelong Guidance and Counseling\" \/>\n<meta property=\"og:description\" content=\"UNESCO Chair on Lifelong Guidance and Counseling\" \/>\n<meta property=\"og:url\" content=\"https:\/\/unesco.uwr.edu.pl\/dzialania\/konferencje-2\/\" \/>\n<meta property=\"og:site_name\" content=\"UNESCO Chair on Lifelong Guidance and Counseling\" \/>\n<meta property=\"article:modified_time\" content=\"2023-03-16T10:52:11+00:00\" \/>\n<meta name=\"twitter:card\" content=\"summary_large_image\" \/>\n<script type=\"application\/ld+json\" class=\"yoast-schema-graph\">{\"@context\":\"https:\/\/schema.org\",\"@graph\":[{\"@type\":\"WebPage\",\"@id\":\"https:\/\/unesco.uwr.edu.pl\/dzialania\/konferencje-2\/\",\"url\":\"https:\/\/unesco.uwr.edu.pl\/dzialania\/konferencje-2\/\",\"name\":\"Conferences - UNESCO Chair on Lifelong Guidance and Counseling\",\"isPartOf\":{\"@id\":\"https:\/\/unesco.uwr.edu.pl\/#website\"},\"datePublished\":\"2023-01-18T09:58:03+00:00\",\"dateModified\":\"2023-03-16T10:52:11+00:00\",\"description\":\"UNESCO Chair on Lifelong Guidance and Counseling\",\"breadcrumb\":{\"@id\":\"https:\/\/unesco.uwr.edu.pl\/dzialania\/konferencje-2\/#breadcrumb\"},\"inLanguage\":\"en-US\",\"potentialAction\":[{\"@type\":\"ReadAction\",\"target\":[\"https:\/\/unesco.uwr.edu.pl\/dzialania\/konferencje-2\/\"]}]},{\"@type\":\"BreadcrumbList\",\"@id\":\"https:\/\/unesco.uwr.edu.pl\/dzialania\/konferencje-2\/#breadcrumb\",\"itemListElement\":[{\"@type\":\"ListItem\",\"position\":1,\"name\":\"Strona g\u0142\u00f3wna\",\"item\":\"https:\/\/unesco.uwr.edu.pl\/en\/\"},{\"@type\":\"ListItem\",\"position\":2,\"name\":\"Activities\",\"item\":\"https:\/\/unesco.uwr.edu.pl\/dzialania\/\"},{\"@type\":\"ListItem\",\"position\":3,\"name\":\"Conferences\"}]},{\"@type\":\"WebSite\",\"@id\":\"https:\/\/unesco.uwr.edu.pl\/#website\",\"url\":\"https:\/\/unesco.uwr.edu.pl\/\",\"name\":\"UNESCO Chair on Lifelong Guidance and Counseling\",\"description\":\"Kolejna witryna sieci \u201eUWR Witryny\u201d\",\"publisher\":{\"@id\":\"https:\/\/unesco.uwr.edu.pl\/#organization\"},\"potentialAction\":[{\"@type\":\"SearchAction\",\"target\":{\"@type\":\"EntryPoint\",\"urlTemplate\":\"https:\/\/unesco.uwr.edu.pl\/?s={search_term_string}\"},\"query-input\":{\"@type\":\"PropertyValueSpecification\",\"valueRequired\":true,\"valueName\":\"search_term_string\"}}],\"inLanguage\":\"en-US\"},{\"@type\":\"Organization\",\"@id\":\"https:\/\/unesco.uwr.edu.pl\/#organization\",\"name\":\"UNESCO Chair on Lifelong Guidance and Counseling\",\"url\":\"https:\/\/unesco.uwr.edu.pl\/\",\"logo\":{\"@type\":\"ImageObject\",\"inLanguage\":\"en-US\",\"@id\":\"https:\/\/unesco.uwr.edu.pl\/#\/schema\/logo\/image\/\",\"url\":\"https:\/\/unesco.uwr.edu.pl\/wp-content\/uploads\/sites\/155\/2025\/10\/UWr-logotyp-2025.png\",\"contentUrl\":\"https:\/\/unesco.uwr.edu.pl\/wp-content\/uploads\/sites\/155\/2025\/10\/UWr-logotyp-2025.png\",\"width\":764,\"height\":269,\"caption\":\"UNESCO Chair on Lifelong Guidance and Counseling\"},\"image\":{\"@id\":\"https:\/\/unesco.uwr.edu.pl\/#\/schema\/logo\/image\/\"}}]}<\/script>\n<!-- \/ Yoast SEO plugin. -->","yoast_head_json":{"title":"Conferences - UNESCO Chair on Lifelong Guidance and Counseling","description":"UNESCO Chair on Lifelong Guidance and Counseling","robots":{"index":"index","follow":"follow","max-snippet":"max-snippet:-1","max-image-preview":"max-image-preview:large","max-video-preview":"max-video-preview:-1"},"canonical":"https:\/\/unesco.uwr.edu.pl\/dzialania\/konferencje-2\/","og_locale":"en_US","og_type":"article","og_title":"Conferences - UNESCO Chair on Lifelong Guidance and Counseling","og_description":"UNESCO Chair on Lifelong Guidance and Counseling","og_url":"https:\/\/unesco.uwr.edu.pl\/dzialania\/konferencje-2\/","og_site_name":"UNESCO Chair on Lifelong Guidance and Counseling","article_modified_time":"2023-03-16T10:52:11+00:00","twitter_card":"summary_large_image","schema":{"@context":"https:\/\/schema.org","@graph":[{"@type":"WebPage","@id":"https:\/\/unesco.uwr.edu.pl\/dzialania\/konferencje-2\/","url":"https:\/\/unesco.uwr.edu.pl\/dzialania\/konferencje-2\/","name":"Conferences - UNESCO Chair on Lifelong Guidance and Counseling","isPartOf":{"@id":"https:\/\/unesco.uwr.edu.pl\/#website"},"datePublished":"2023-01-18T09:58:03+00:00","dateModified":"2023-03-16T10:52:11+00:00","description":"UNESCO Chair on Lifelong Guidance and Counseling","breadcrumb":{"@id":"https:\/\/unesco.uwr.edu.pl\/dzialania\/konferencje-2\/#breadcrumb"},"inLanguage":"en-US","potentialAction":[{"@type":"ReadAction","target":["https:\/\/unesco.uwr.edu.pl\/dzialania\/konferencje-2\/"]}]},{"@type":"BreadcrumbList","@id":"https:\/\/unesco.uwr.edu.pl\/dzialania\/konferencje-2\/#breadcrumb","itemListElement":[{"@type":"ListItem","position":1,"name":"Strona g\u0142\u00f3wna","item":"https:\/\/unesco.uwr.edu.pl\/en\/"},{"@type":"ListItem","position":2,"name":"Activities","item":"https:\/\/unesco.uwr.edu.pl\/dzialania\/"},{"@type":"ListItem","position":3,"name":"Conferences"}]},{"@type":"WebSite","@id":"https:\/\/unesco.uwr.edu.pl\/#website","url":"https:\/\/unesco.uwr.edu.pl\/","name":"UNESCO Chair on Lifelong Guidance and Counseling","description":"Kolejna witryna sieci \u201eUWR Witryny\u201d","publisher":{"@id":"https:\/\/unesco.uwr.edu.pl\/#organization"},"potentialAction":[{"@type":"SearchAction","target":{"@type":"EntryPoint","urlTemplate":"https:\/\/unesco.uwr.edu.pl\/?s={search_term_string}"},"query-input":{"@type":"PropertyValueSpecification","valueRequired":true,"valueName":"search_term_string"}}],"inLanguage":"en-US"},{"@type":"Organization","@id":"https:\/\/unesco.uwr.edu.pl\/#organization","name":"UNESCO Chair on Lifelong Guidance and Counseling","url":"https:\/\/unesco.uwr.edu.pl\/","logo":{"@type":"ImageObject","inLanguage":"en-US","@id":"https:\/\/unesco.uwr.edu.pl\/#\/schema\/logo\/image\/","url":"https:\/\/unesco.uwr.edu.pl\/wp-content\/uploads\/sites\/155\/2025\/10\/UWr-logotyp-2025.png","contentUrl":"https:\/\/unesco.uwr.edu.pl\/wp-content\/uploads\/sites\/155\/2025\/10\/UWr-logotyp-2025.png","width":764,"height":269,"caption":"UNESCO Chair on Lifelong Guidance and Counseling"},"image":{"@id":"https:\/\/unesco.uwr.edu.pl\/#\/schema\/logo\/image\/"}}]}},"publishpress_future_action":{"enabled":false,"date":"2026-04-28 22:49:24","action":"change-status","newStatus":"draft","terms":[],"taxonomy":"category","extraData":[]},"publishpress_future_workflow_manual_trigger":{"enabledWorkflows":[]},"_links":{"self":[{"href":"https:\/\/unesco.uwr.edu.pl\/en\/wp-json\/wp\/v2\/pages\/30276\/"}],"collection":[{"href":"https:\/\/unesco.uwr.edu.pl\/en\/wp-json\/wp\/v2\/pages\/"}],"about":[{"href":"https:\/\/unesco.uwr.edu.pl\/en\/wp-json\/wp\/v2\/types\/page\/"}],"author":[{"embeddable":true,"href":"https:\/\/unesco.uwr.edu.pl\/en\/wp-json\/wp\/v2\/users\/37\/"}],"replies":[{"embeddable":true,"href":"https:\/\/unesco.uwr.edu.pl\/en\/wp-json\/wp\/v2\/comments\/?post=30276"}],"version-history":[{"count":2,"href":"https:\/\/unesco.uwr.edu.pl\/en\/wp-json\/wp\/v2\/pages\/30276\/revisions\/"}],"predecessor-version":[{"id":30333,"href":"https:\/\/unesco.uwr.edu.pl\/en\/wp-json\/wp\/v2\/pages\/30276\/revisions\/30333\/"}],"up":[{"embeddable":true,"href":"https:\/\/unesco.uwr.edu.pl\/en\/wp-json\/wp\/v2\/pages\/30246\/"}],"wp:attachment":[{"href":"https:\/\/unesco.uwr.edu.pl\/en\/wp-json\/wp\/v2\/media\/?parent=30276"}],"wp:term":[{"taxonomy":"category","embeddable":true,"href":"https:\/\/unesco.uwr.edu.pl\/en\/wp-json\/wp\/v2\/categories\/?post=30276"},{"taxonomy":"post_tag","embeddable":true,"href":"https:\/\/unesco.uwr.edu.pl\/en\/wp-json\/wp\/v2\/tags\/?post=30276"}],"curies":[{"name":"wp","href":"https:\/\/api.w.org\/{rel}","templated":true}]}}