{"id":31788,"date":"2023-11-25T07:57:00","date_gmt":"2023-11-25T06:57:00","guid":{"rendered":"https:\/\/unesco.uwr.edu.pl\/?page_id=31788"},"modified":"2024-02-02T20:49:38","modified_gmt":"2024-02-02T19:49:38","slug":"aktualnosci-unitwin-network","status":"publish","type":"page","link":"https:\/\/unesco.uwr.edu.pl\/en\/o-katedrze\/wspolpraca-miedzynarodowa\/aktualnosci-unitwin-network\/","title":{"rendered":"UNITWIN NETWORK news"},"content":{"rendered":"\n<h2 class=\"wp-block-heading\">UNITWIN NETWORK news<\/h2>\n\n\n\n<div class=\"wp-block-ugb-container ugb-container blok_nowa_podstrona ugb-8dda971 ugb-container--v2 ugb-container--design-plain ugb-main-block\"><div class=\"ugb-inner-block\"><div class=\"ugb-block-content\"><div class=\"ugb-container__wrapper ugb-8dda971-wrapper\"><div class=\"ugb-container__side\"><div class=\"ugb-container__content-wrapper ugb-8dda971-content-wrapper\">\n<div class=\"wp-block-columns bs-news-page is-layout-flex wp-block-columns-is-layout-flex\">\n<div class=\"wp-block-column bs-kontakt-photo is-layout-flow wp-block-column-is-layout-flow\">\n<figure class=\"wp-block-image size-full\"><img loading=\"lazy\" decoding=\"async\" width=\"512\" height=\"512\" src=\"https:\/\/unesco.uwr.edu.pl\/wp-content\/uploads\/sites\/155\/2023\/11\/PRS.jpg\" alt=\"Prof. RS\" class=\"wp-image-32613\" srcset=\"https:\/\/unesco.uwr.edu.pl\/wp-content\/uploads\/sites\/155\/2023\/11\/PRS.jpg 512w, https:\/\/unesco.uwr.edu.pl\/wp-content\/uploads\/sites\/155\/2023\/11\/PRS-300x300.jpg 300w, https:\/\/unesco.uwr.edu.pl\/wp-content\/uploads\/sites\/155\/2023\/11\/PRS-150x150.jpg 150w, https:\/\/unesco.uwr.edu.pl\/wp-content\/uploads\/sites\/155\/2023\/11\/PRS-24x24.jpg 24w, https:\/\/unesco.uwr.edu.pl\/wp-content\/uploads\/sites\/155\/2023\/11\/PRS-36x36.jpg 36w, https:\/\/unesco.uwr.edu.pl\/wp-content\/uploads\/sites\/155\/2023\/11\/PRS-48x48.jpg 48w\" sizes=\"auto, (max-width: 512px) 100vw, 512px\" \/><\/figure>\n<\/div>\n\n\n\n<div class=\"wp-block-column bs-contact-right-column is-layout-flow wp-block-column-is-layout-flow\">\n<div class=\"wp-block-bonasoft-modular-breadcrumbs-block\"><div class=\"bs_add_breadcrumb_trail\"><\/div><\/div>\n\n\n\n<hr class=\"wp-block-separator has-text-color has-black-color has-css-opacity has-black-background-color has-background is-style-wide bs-border-kontakt\"\/>\n\n\n<h1 style=\"font-style:normal;font-weight:700;\" class=\"bs-naglowek-podstrony wp-block-post-title\">UNITWIN NETWORK news<\/h1>\n\n\n<p><strong>Tribute to Ronald Sultana<\/strong><\/p>\n\n\n\n<p>Professor Ronald Sultana passed away on 24 November 2023 at the age of 65. He was an eminent specialist in the sociology of guidance and counselling and in educational issues. In 1988, he founded the humanist education movement. He received numerous awards from the guidance community worldwide for his important contribution and commitment to the scientific community.&nbsp; He was awarded an honorary doctorate from Laval University in Quebec. Founder of the&nbsp;<em>Mediterranean Journal of Educational Studies<\/em>. Ronald Sultana was a leading figure at the University of Malta, where he was elected Dean of the Faculty of Education in 1997 and then Director of the Euro-Mediterranean Centre for Educational Research.<\/p>\n<\/div>\n<\/div>\n\n\n\n<div class=\"wp-block-ugb-container ugb-container bs-news-page-under ugb-f8694ce ugb-container--v2 ugb-container--design-plain ugb-main-block\"><div class=\"ugb-inner-block\"><div class=\"ugb-block-content\"><div class=\"ugb-container__wrapper ugb-f8694ce-wrapper\"><div class=\"ugb-container__side\"><div class=\"ugb-container__content-wrapper ugb-f8694ce-content-wrapper\">\n<p>Influenced by the analyses of Pierre Bourdieu, Ronald Sultana examined the contribution of interventions to support career decision-making to the reproduction of economic and social inequalities and their increase in recent times. He was also sensitive to the Mediterranean origins of Western civilisation (Greco-Latin culture, Jewish, Christian and Muslim religions) and aware of the terrible crisis of the Anthropocene that it has engendered, and sought to find ways of contributing to its resolution.&nbsp;<\/p>\n\n\n\n<p>Ronald Sultana was involved in many networks in the guidance field and recently published two landmark volumes, with Rie Thomsen and Tristam Hooley, entitled&nbsp;<em>Career Guidance for Emancipation: Contesting Neoliberalism<\/em>&nbsp;(2018) and&nbsp;<em>Career Guidance for Social Justice: Reclaiming Social Justice for the Multitude<\/em>&nbsp;(2019), published by Routledge. Ronald leaves an intellectual legacy that should enable many of today&#8217;s and tomorrow&#8217;s researchers to continue his humanist vision of guidance and counselling.<\/p>\n<\/div><\/div><\/div><\/div><\/div><\/div>\n<\/div><\/div><\/div><\/div><\/div><\/div>\n\n\n<div class=\"bs__links\">\r\n    <div class=\"bs__links__section\">\r\n        <ul class=\"bs__links__list\">\r\n                            <li class=\"bs__links__list__item\">\r\n                    <a href=\"https:\/\/timesofmalta.com\/articles\/view\/tributes-pour-ronald-sultana-sociology-professor-died-aged-65.1069326\" class=\"bs__links__list__item__link\">\r\n                        Tributes pour in for Ronald Sultana \r\n                        <div class=\"bs__links__list__item__link__before__icon\">\r\n                            <div class=\"bs__links__list__item__link__icon\">\r\n                                <svg width=\"40px\" height=\"40px\" viewBox=\"0 0 22 16\" version=\"1.1\">\r\n                                <g stroke=\"none\" strokeWidth=\"1\" fill=\"black\" fillRule=\"evenodd\">\r\n                                    <g>\r\n                                    <polygon points=\"13.4875 0 12 1.6215 18.7875 8 12 14.3795 13.4875 16 21.9995 8\" \/>\r\n                                    <\/g>\r\n                                <\/g>\r\n                                <\/svg>\r\n                            <\/div>\r\n                        <\/div>\r\n                    <\/a>\r\n                <li>\r\n                    <\/ul>\r\n    <\/div>\r\n<\/div>\n\n","protected":false},"excerpt":{"rendered":"<p>UNITWIN NETWORK news Tribute to Ronald Sultana Professor Ronald Sultana passed away on 24 November 2023 at the age of 65. He was an eminent specialist in the sociology of guidance and counselling and in educational issues. In 1988, he founded the humanist education movement. He received numerous awards from the guidance community worldwide for [&hellip;]<\/p>\n","protected":false},"author":584,"featured_media":0,"parent":30240,"menu_order":0,"comment_status":"closed","ping_status":"closed","template":"","meta":{"_acf_changed":false,"inline_featured_image":false,"site-sidebar-layout":"default","site-content-layout":"","ast-site-content-layout":"default","site-content-style":"default","site-sidebar-style":"default","ast-global-header-display":"","ast-banner-title-visibility":"","ast-main-header-display":"","ast-hfb-above-header-display":"","ast-hfb-below-header-display":"","ast-hfb-mobile-header-display":"","site-post-title":"","ast-breadcrumbs-content":"","ast-featured-img":"","footer-sml-layout":"","ast-disable-related-posts":"","theme-transparent-header-meta":"","adv-header-id-meta":"","stick-header-meta":"","header-above-stick-meta":"","header-main-stick-meta":"","header-below-stick-meta":"","astra-migrate-meta-layouts":"default","ast-page-background-enabled":"default","ast-page-background-meta":{"desktop":{"background-color":"","background-image":"","background-repeat":"repeat","background-position":"center center","background-size":"auto","background-attachment":"scroll","background-type":"","background-media":"","overlay-type":"","overlay-color":"","overlay-opacity":"","overlay-gradient":""},"tablet":{"background-color":"","background-image":"","background-repeat":"repeat","background-position":"center center","background-size":"auto","background-attachment":"scroll","background-type":"","background-media":"","overlay-type":"","overlay-color":"","overlay-opacity":"","overlay-gradient":""},"mobile":{"background-color":"","background-image":"","background-repeat":"repeat","background-position":"center center","background-size":"auto","background-attachment":"scroll","background-type":"","background-media":"","overlay-type":"","overlay-color":"","overlay-opacity":"","overlay-gradient":""}},"ast-content-background-meta":{"desktop":{"background-color":"var(--ast-global-color-5)","background-image":"","background-repeat":"repeat","background-position":"center center","background-size":"auto","background-attachment":"scroll","background-type":"","background-media":"","overlay-type":"","overlay-color":"","overlay-opacity":"","overlay-gradient":""},"tablet":{"background-color":"var(--ast-global-color-5)","background-image":"","background-repeat":"repeat","background-position":"center center","background-size":"auto","background-attachment":"scroll","background-type":"","background-media":"","overlay-type":"","overlay-color":"","overlay-opacity":"","overlay-gradient":""},"mobile":{"background-color":"var(--ast-global-color-5)","background-image":"","background-repeat":"repeat","background-position":"center center","background-size":"auto","background-attachment":"scroll","background-type":"","background-media":"","overlay-type":"","overlay-color":"","overlay-opacity":"","overlay-gradient":""}},"footnotes":""},"categories":[291],"tags":[],"class_list":["post-31788","page","type-page","status-publish","hentry","category-wspolpraca-z-innymi-osrodkami-en"],"featured_image_urls_v2":{"full":"","thumbnail":"","medium":"","medium_large":"","large":"","1536x1536":"","2048x2048":"","menu-24x24":"","menu-36x36":"","menu-48x48":""},"post_excerpt_stackable_v2":"<p>UNITWIN NETWORK news UNITWIN NETWORK news Tribute to Ronald Sultana Professor Ronald Sultana passed away on 24 November 2023 at the age of 65. He was an eminent specialist in the sociology of guidance and counselling and in educational issues. In 1988, he founded the humanist education movement. He received numerous awards from the guidance community worldwide for his important contribution and commitment to the scientific community.&nbsp; He was awarded an honorary doctorate from Laval University in Quebec. Founder of the&nbsp;Mediterranean Journal of Educational Studies. Ronald Sultana was a leading figure at the University of Malta, where he was elected&hellip;<\/p>\n","category_list_v2":"<a href=\"https:\/\/unesco.uwr.edu.pl\/en\/category\/wspolpraca-z-innymi-osrodkami-en\/\" rel=\"category tag\">Wsp\u00f3\u0142praca z innymi o\u015brodkami<\/a>","author_info_v2":{"name":"vdrabikpodgorna","url":"https:\/\/unesco.uwr.edu.pl\/en\/author\/vdrabikpodgorna\/"},"comments_num_v2":"0 comments","acf":[],"yoast_head":"<!-- This site is optimized with the Yoast SEO plugin v27.1.1 - https:\/\/yoast.com\/product\/yoast-seo-wordpress\/ -->\n<title>UNITWIN NETWORK news - UNESCO Chair on Lifelong Guidance and Counseling<\/title>\n<meta name=\"description\" content=\"UNESCO Chair on Lifelong Guidance and Counseling\" \/>\n<meta name=\"robots\" content=\"index, follow, max-snippet:-1, max-image-preview:large, max-video-preview:-1\" \/>\n<link rel=\"canonical\" href=\"https:\/\/unesco.uwr.edu.pl\/o-katedrze\/wspolpraca-miedzynarodowa\/aktualnosci-unitwin-network\/\" \/>\n<meta property=\"og:locale\" content=\"en_US\" \/>\n<meta property=\"og:type\" content=\"article\" \/>\n<meta property=\"og:title\" content=\"UNITWIN NETWORK news - UNESCO Chair on Lifelong Guidance and Counseling\" \/>\n<meta property=\"og:description\" content=\"UNESCO Chair on Lifelong Guidance and Counseling\" \/>\n<meta property=\"og:url\" content=\"https:\/\/unesco.uwr.edu.pl\/o-katedrze\/wspolpraca-miedzynarodowa\/aktualnosci-unitwin-network\/\" \/>\n<meta property=\"og:site_name\" content=\"UNESCO Chair on Lifelong Guidance and Counseling\" \/>\n<meta property=\"article:modified_time\" content=\"2024-02-02T19:49:38+00:00\" \/>\n<meta property=\"og:image\" content=\"https:\/\/unesco.uwr.edu.pl\/wp-content\/uploads\/sites\/155\/2023\/11\/PRS.jpg\" \/>\n<meta name=\"twitter:card\" content=\"summary_large_image\" \/>\n<meta name=\"twitter:label1\" content=\"Est. reading time\" \/>\n\t<meta name=\"twitter:data1\" content=\"2 minutes\" \/>\n<script type=\"application\/ld+json\" class=\"yoast-schema-graph\">{\"@context\":\"https:\/\/schema.org\",\"@graph\":[{\"@type\":\"WebPage\",\"@id\":\"https:\/\/unesco.uwr.edu.pl\/o-katedrze\/wspolpraca-miedzynarodowa\/aktualnosci-unitwin-network\/\",\"url\":\"https:\/\/unesco.uwr.edu.pl\/o-katedrze\/wspolpraca-miedzynarodowa\/aktualnosci-unitwin-network\/\",\"name\":\"UNITWIN NETWORK news - UNESCO Chair on Lifelong Guidance and Counseling\",\"isPartOf\":{\"@id\":\"https:\/\/unesco.uwr.edu.pl\/#website\"},\"primaryImageOfPage\":{\"@id\":\"https:\/\/unesco.uwr.edu.pl\/o-katedrze\/wspolpraca-miedzynarodowa\/aktualnosci-unitwin-network\/#primaryimage\"},\"image\":{\"@id\":\"https:\/\/unesco.uwr.edu.pl\/o-katedrze\/wspolpraca-miedzynarodowa\/aktualnosci-unitwin-network\/#primaryimage\"},\"thumbnailUrl\":\"https:\/\/unesco.uwr.edu.pl\/wp-content\/uploads\/sites\/155\/2023\/11\/PRS.jpg\",\"datePublished\":\"2023-11-25T06:57:00+00:00\",\"dateModified\":\"2024-02-02T19:49:38+00:00\",\"description\":\"UNESCO Chair on Lifelong Guidance and Counseling\",\"breadcrumb\":{\"@id\":\"https:\/\/unesco.uwr.edu.pl\/o-katedrze\/wspolpraca-miedzynarodowa\/aktualnosci-unitwin-network\/#breadcrumb\"},\"inLanguage\":\"en-US\",\"potentialAction\":[{\"@type\":\"ReadAction\",\"target\":[\"https:\/\/unesco.uwr.edu.pl\/o-katedrze\/wspolpraca-miedzynarodowa\/aktualnosci-unitwin-network\/\"]}]},{\"@type\":\"ImageObject\",\"inLanguage\":\"en-US\",\"@id\":\"https:\/\/unesco.uwr.edu.pl\/o-katedrze\/wspolpraca-miedzynarodowa\/aktualnosci-unitwin-network\/#primaryimage\",\"url\":\"https:\/\/unesco.uwr.edu.pl\/wp-content\/uploads\/sites\/155\/2023\/11\/PRS.jpg\",\"contentUrl\":\"https:\/\/unesco.uwr.edu.pl\/wp-content\/uploads\/sites\/155\/2023\/11\/PRS.jpg\"},{\"@type\":\"BreadcrumbList\",\"@id\":\"https:\/\/unesco.uwr.edu.pl\/o-katedrze\/wspolpraca-miedzynarodowa\/aktualnosci-unitwin-network\/#breadcrumb\",\"itemListElement\":[{\"@type\":\"ListItem\",\"position\":1,\"name\":\"Strona g\u0142\u00f3wna\",\"item\":\"https:\/\/unesco.uwr.edu.pl\/en\/\"},{\"@type\":\"ListItem\",\"position\":2,\"name\":\"About us\",\"item\":\"https:\/\/unesco.uwr.edu.pl\/en\/o-katedrze\/\"},{\"@type\":\"ListItem\",\"position\":3,\"name\":\"International cooperation\",\"item\":\"https:\/\/unesco.uwr.edu.pl\/o-katedrze\/wspolpraca-miedzynarodowa\/\"},{\"@type\":\"ListItem\",\"position\":4,\"name\":\"UNITWIN NETWORK news\"}]},{\"@type\":\"WebSite\",\"@id\":\"https:\/\/unesco.uwr.edu.pl\/#website\",\"url\":\"https:\/\/unesco.uwr.edu.pl\/\",\"name\":\"UNESCO Chair on Lifelong Guidance and Counseling\",\"description\":\"Kolejna witryna sieci \u201eUWR Witryny\u201d\",\"publisher\":{\"@id\":\"https:\/\/unesco.uwr.edu.pl\/#organization\"},\"potentialAction\":[{\"@type\":\"SearchAction\",\"target\":{\"@type\":\"EntryPoint\",\"urlTemplate\":\"https:\/\/unesco.uwr.edu.pl\/?s={search_term_string}\"},\"query-input\":{\"@type\":\"PropertyValueSpecification\",\"valueRequired\":true,\"valueName\":\"search_term_string\"}}],\"inLanguage\":\"en-US\"},{\"@type\":\"Organization\",\"@id\":\"https:\/\/unesco.uwr.edu.pl\/#organization\",\"name\":\"UNESCO Chair on Lifelong Guidance and Counseling\",\"url\":\"https:\/\/unesco.uwr.edu.pl\/\",\"logo\":{\"@type\":\"ImageObject\",\"inLanguage\":\"en-US\",\"@id\":\"https:\/\/unesco.uwr.edu.pl\/#\/schema\/logo\/image\/\",\"url\":\"https:\/\/unesco.uwr.edu.pl\/wp-content\/uploads\/sites\/155\/2025\/10\/UWr-logotyp-2025.png\",\"contentUrl\":\"https:\/\/unesco.uwr.edu.pl\/wp-content\/uploads\/sites\/155\/2025\/10\/UWr-logotyp-2025.png\",\"width\":764,\"height\":269,\"caption\":\"UNESCO Chair on Lifelong Guidance and Counseling\"},\"image\":{\"@id\":\"https:\/\/unesco.uwr.edu.pl\/#\/schema\/logo\/image\/\"}}]}<\/script>\n<!-- \/ Yoast SEO plugin. -->","yoast_head_json":{"title":"UNITWIN NETWORK news - UNESCO Chair on Lifelong Guidance and Counseling","description":"UNESCO Chair on Lifelong Guidance and Counseling","robots":{"index":"index","follow":"follow","max-snippet":"max-snippet:-1","max-image-preview":"max-image-preview:large","max-video-preview":"max-video-preview:-1"},"canonical":"https:\/\/unesco.uwr.edu.pl\/o-katedrze\/wspolpraca-miedzynarodowa\/aktualnosci-unitwin-network\/","og_locale":"en_US","og_type":"article","og_title":"UNITWIN NETWORK news - UNESCO Chair on Lifelong Guidance and Counseling","og_description":"UNESCO Chair on Lifelong Guidance and Counseling","og_url":"https:\/\/unesco.uwr.edu.pl\/o-katedrze\/wspolpraca-miedzynarodowa\/aktualnosci-unitwin-network\/","og_site_name":"UNESCO Chair on Lifelong Guidance and Counseling","article_modified_time":"2024-02-02T19:49:38+00:00","og_image":[{"url":"https:\/\/unesco.uwr.edu.pl\/wp-content\/uploads\/sites\/155\/2023\/11\/PRS.jpg","type":"","width":"","height":""}],"twitter_card":"summary_large_image","twitter_misc":{"Est. reading time":"2 minutes"},"schema":{"@context":"https:\/\/schema.org","@graph":[{"@type":"WebPage","@id":"https:\/\/unesco.uwr.edu.pl\/o-katedrze\/wspolpraca-miedzynarodowa\/aktualnosci-unitwin-network\/","url":"https:\/\/unesco.uwr.edu.pl\/o-katedrze\/wspolpraca-miedzynarodowa\/aktualnosci-unitwin-network\/","name":"UNITWIN NETWORK news - UNESCO Chair on Lifelong Guidance and Counseling","isPartOf":{"@id":"https:\/\/unesco.uwr.edu.pl\/#website"},"primaryImageOfPage":{"@id":"https:\/\/unesco.uwr.edu.pl\/o-katedrze\/wspolpraca-miedzynarodowa\/aktualnosci-unitwin-network\/#primaryimage"},"image":{"@id":"https:\/\/unesco.uwr.edu.pl\/o-katedrze\/wspolpraca-miedzynarodowa\/aktualnosci-unitwin-network\/#primaryimage"},"thumbnailUrl":"https:\/\/unesco.uwr.edu.pl\/wp-content\/uploads\/sites\/155\/2023\/11\/PRS.jpg","datePublished":"2023-11-25T06:57:00+00:00","dateModified":"2024-02-02T19:49:38+00:00","description":"UNESCO Chair on Lifelong Guidance and Counseling","breadcrumb":{"@id":"https:\/\/unesco.uwr.edu.pl\/o-katedrze\/wspolpraca-miedzynarodowa\/aktualnosci-unitwin-network\/#breadcrumb"},"inLanguage":"en-US","potentialAction":[{"@type":"ReadAction","target":["https:\/\/unesco.uwr.edu.pl\/o-katedrze\/wspolpraca-miedzynarodowa\/aktualnosci-unitwin-network\/"]}]},{"@type":"ImageObject","inLanguage":"en-US","@id":"https:\/\/unesco.uwr.edu.pl\/o-katedrze\/wspolpraca-miedzynarodowa\/aktualnosci-unitwin-network\/#primaryimage","url":"https:\/\/unesco.uwr.edu.pl\/wp-content\/uploads\/sites\/155\/2023\/11\/PRS.jpg","contentUrl":"https:\/\/unesco.uwr.edu.pl\/wp-content\/uploads\/sites\/155\/2023\/11\/PRS.jpg"},{"@type":"BreadcrumbList","@id":"https:\/\/unesco.uwr.edu.pl\/o-katedrze\/wspolpraca-miedzynarodowa\/aktualnosci-unitwin-network\/#breadcrumb","itemListElement":[{"@type":"ListItem","position":1,"name":"Strona g\u0142\u00f3wna","item":"https:\/\/unesco.uwr.edu.pl\/en\/"},{"@type":"ListItem","position":2,"name":"About us","item":"https:\/\/unesco.uwr.edu.pl\/en\/o-katedrze\/"},{"@type":"ListItem","position":3,"name":"International cooperation","item":"https:\/\/unesco.uwr.edu.pl\/o-katedrze\/wspolpraca-miedzynarodowa\/"},{"@type":"ListItem","position":4,"name":"UNITWIN NETWORK news"}]},{"@type":"WebSite","@id":"https:\/\/unesco.uwr.edu.pl\/#website","url":"https:\/\/unesco.uwr.edu.pl\/","name":"UNESCO Chair on Lifelong Guidance and Counseling","description":"Kolejna witryna sieci \u201eUWR Witryny\u201d","publisher":{"@id":"https:\/\/unesco.uwr.edu.pl\/#organization"},"potentialAction":[{"@type":"SearchAction","target":{"@type":"EntryPoint","urlTemplate":"https:\/\/unesco.uwr.edu.pl\/?s={search_term_string}"},"query-input":{"@type":"PropertyValueSpecification","valueRequired":true,"valueName":"search_term_string"}}],"inLanguage":"en-US"},{"@type":"Organization","@id":"https:\/\/unesco.uwr.edu.pl\/#organization","name":"UNESCO Chair on Lifelong Guidance and Counseling","url":"https:\/\/unesco.uwr.edu.pl\/","logo":{"@type":"ImageObject","inLanguage":"en-US","@id":"https:\/\/unesco.uwr.edu.pl\/#\/schema\/logo\/image\/","url":"https:\/\/unesco.uwr.edu.pl\/wp-content\/uploads\/sites\/155\/2025\/10\/UWr-logotyp-2025.png","contentUrl":"https:\/\/unesco.uwr.edu.pl\/wp-content\/uploads\/sites\/155\/2025\/10\/UWr-logotyp-2025.png","width":764,"height":269,"caption":"UNESCO Chair on Lifelong Guidance and Counseling"},"image":{"@id":"https:\/\/unesco.uwr.edu.pl\/#\/schema\/logo\/image\/"}}]}},"publishpress_future_action":{"enabled":false,"date":"2026-04-29 14:06:09","action":"change-status","newStatus":"draft","terms":[],"taxonomy":"category","extraData":[]},"publishpress_future_workflow_manual_trigger":{"enabledWorkflows":[]},"_links":{"self":[{"href":"https:\/\/unesco.uwr.edu.pl\/en\/wp-json\/wp\/v2\/pages\/31788\/"}],"collection":[{"href":"https:\/\/unesco.uwr.edu.pl\/en\/wp-json\/wp\/v2\/pages\/"}],"about":[{"href":"https:\/\/unesco.uwr.edu.pl\/en\/wp-json\/wp\/v2\/types\/page\/"}],"author":[{"embeddable":true,"href":"https:\/\/unesco.uwr.edu.pl\/en\/wp-json\/wp\/v2\/users\/584\/"}],"replies":[{"embeddable":true,"href":"https:\/\/unesco.uwr.edu.pl\/en\/wp-json\/wp\/v2\/comments\/?post=31788"}],"version-history":[{"count":6,"href":"https:\/\/unesco.uwr.edu.pl\/en\/wp-json\/wp\/v2\/pages\/31788\/revisions\/"}],"predecessor-version":[{"id":32622,"href":"https:\/\/unesco.uwr.edu.pl\/en\/wp-json\/wp\/v2\/pages\/31788\/revisions\/32622\/"}],"up":[{"embeddable":true,"href":"https:\/\/unesco.uwr.edu.pl\/en\/wp-json\/wp\/v2\/pages\/30240\/"}],"wp:attachment":[{"href":"https:\/\/unesco.uwr.edu.pl\/en\/wp-json\/wp\/v2\/media\/?parent=31788"}],"wp:term":[{"taxonomy":"category","embeddable":true,"href":"https:\/\/unesco.uwr.edu.pl\/en\/wp-json\/wp\/v2\/categories\/?post=31788"},{"taxonomy":"post_tag","embeddable":true,"href":"https:\/\/unesco.uwr.edu.pl\/en\/wp-json\/wp\/v2\/tags\/?post=31788"}],"curies":[{"name":"wp","href":"https:\/\/api.w.org\/{rel}","templated":true}]}}