{"id":33417,"date":"2023-12-13T15:29:04","date_gmt":"2023-12-13T14:29:04","guid":{"rendered":"https:\/\/unesco.uwr.edu.pl\/?page_id=33417"},"modified":"2025-11-26T10:08:35","modified_gmt":"2025-11-26T09:08:35","slug":"unitwin-network-members","status":"publish","type":"page","link":"https:\/\/unesco.uwr.edu.pl\/en\/o-katedrze\/wspolpraca-miedzynarodowa\/unitwin-network-members\/","title":{"rendered":"UNITWIN NETWORK Members"},"content":{"rendered":"\n<div class=\"wp-block-ugb-container ugb-container blok_nowa_podstrona ugb-8dda971 ugb-container--v2 ugb-container--design-plain ugb-main-block\"><div class=\"ugb-inner-block\"><div class=\"ugb-block-content\"><div class=\"ugb-container__wrapper ugb-8dda971-wrapper\"><div class=\"ugb-container__side\"><div class=\"ugb-container__content-wrapper ugb-8dda971-content-wrapper\">\n<div class=\"wp-block-columns bs-news-page is-layout-flex wp-block-columns-is-layout-flex\">\n<div class=\"wp-block-column bs-kontakt-photo is-layout-flow wp-block-column-is-layout-flow\">\n<figure class=\"wp-block-image size-full\"><img loading=\"lazy\" decoding=\"async\" width=\"768\" height=\"463\" src=\"https:\/\/unesco.uwr.edu.pl\/wp-content\/uploads\/sites\/155\/2023\/11\/carte-768x463-1.png\" alt=\"UNITWIN - uni\" class=\"wp-image-31926\" srcset=\"https:\/\/unesco.uwr.edu.pl\/wp-content\/uploads\/sites\/155\/2023\/11\/carte-768x463-1.png 768w, https:\/\/unesco.uwr.edu.pl\/wp-content\/uploads\/sites\/155\/2023\/11\/carte-768x463-1-300x181.png 300w, https:\/\/unesco.uwr.edu.pl\/wp-content\/uploads\/sites\/155\/2023\/11\/carte-768x463-1-24x14.png 24w, https:\/\/unesco.uwr.edu.pl\/wp-content\/uploads\/sites\/155\/2023\/11\/carte-768x463-1-36x22.png 36w, https:\/\/unesco.uwr.edu.pl\/wp-content\/uploads\/sites\/155\/2023\/11\/carte-768x463-1-48x29.png 48w\" sizes=\"auto, (max-width: 768px) 100vw, 768px\" \/><figcaption class=\"wp-element-caption\">UNITWIN NETWORK<\/figcaption><\/figure>\n<\/div>\n\n\n\n<div class=\"wp-block-column bs-contact-right-column is-layout-flow wp-block-column-is-layout-flow\">\n<div class=\"wp-block-bonasoft-modular-breadcrumbs-block\"><div class=\"bs_add_breadcrumb_trail\"><\/div><\/div>\n\n\n\n<hr class=\"wp-block-separator has-text-color has-black-color has-css-opacity has-black-background-color has-background is-style-wide bs-border-kontakt\"\/>\n\n\n<h1 style=\"font-style:normal;font-weight:700;\" class=\"bs-naglowek-podstrony wp-block-post-title\">UNITWIN NETWORK Members<\/h1>\n\n\n<p><strong>Partner universities:<\/strong><\/p>\n\n\n\n<ul class=\"wp-block-list\">\n<li>Wroc\u0142aw University (Poland),<\/li>\n\n\n\n<li>University of Lisbon (Portugal),<\/li>\n\n\n\n<li>University of Coimbra (Portugal),<\/li>\n\n\n\n<li>Insitut Nationale d\u2019Etude du Travail et d\u2019Orientation Professionnelle (INETOP \u2013 CNAM) Paris \u2013 France<\/li>\n\n\n\n<li>Universit\u00e9 de Bordeaux (France),<\/li>\n\n\n\n<li>Universit\u00e9 de Toulouse (France)<\/li>\n\n\n\n<li>Universit\u00e9 de Buenos Aires (Argentina),<\/li>\n\n\n\n<li>Universit\u00e9 de Lausanne (Switzerland),<\/li>\n\n\n\n<li>University of Iceland, Reykjav\u00edk (Island),<\/li>\n\n\n\n<li>University of Padova (Italy),<\/li>\n\n\n\n<li>University of S\u00e3o Paulo (Brasil),<\/li>\n\n\n\n<li>Universit\u00e9 Laval \u2013 Qu\u00e9bec (Canada),<\/li>\n\n\n\n<li>Lesley University \u2013 Cambridge (USA),<\/li>\n\n\n\n<li>Universit\u00e0 degli Studi di Firenze (Italy),<\/li>\n\n\n\n<li>University of Pretoria (RPA),<\/li>\n\n\n\n<li>University of Eastern Finland \u2013 Joensuu (Finland),<\/li>\n\n\n\n<li>Uniwersytet im A. Mickiewicza w Poznaniu (Poland),<\/li>\n\n\n\n<li>Uniwersytet DSW (Poland),<\/li>\n\n\n\n<li>University of MONS (Belgium),<\/li>\n\n\n\n<li>University of Malta,<\/li>\n\n\n\n<li>Boston College, Lynch School of Education and Human Development (USA)<\/li>\n\n\n\n<li>\u00c9cole de Psychologues Praticiens, Paris-Lyon (France),<\/li>\n\n\n\n<li>University Paris Nanterre (France).<\/li>\n<\/ul>\n<\/div>\n<\/div>\n\n\n\n<div class=\"wp-block-ugb-container ugb-container bs-news-page-under ugb-f8694ce ugb-container--v2 ugb-container--design-plain ugb-main-block\"><div class=\"ugb-inner-block\"><div class=\"ugb-block-content\"><div class=\"ugb-container__wrapper ugb-f8694ce-wrapper\"><div class=\"ugb-container__side\"><div class=\"ugb-container__content-wrapper ugb-f8694ce-content-wrapper\">\n<p><\/p>\n<\/div><\/div><\/div><\/div><\/div><\/div>\n<\/div><\/div><\/div><\/div><\/div><\/div>\n","protected":false},"excerpt":{"rendered":"<p>Partner universities:<\/p>\n","protected":false},"author":584,"featured_media":0,"parent":30240,"menu_order":0,"comment_status":"closed","ping_status":"closed","template":"","meta":{"_acf_changed":false,"inline_featured_image":false,"site-sidebar-layout":"default","site-content-layout":"","ast-site-content-layout":"default","site-content-style":"default","site-sidebar-style":"default","ast-global-header-display":"","ast-banner-title-visibility":"","ast-main-header-display":"","ast-hfb-above-header-display":"","ast-hfb-below-header-display":"","ast-hfb-mobile-header-display":"","site-post-title":"","ast-breadcrumbs-content":"","ast-featured-img":"","footer-sml-layout":"","ast-disable-related-posts":"","theme-transparent-header-meta":"","adv-header-id-meta":"","stick-header-meta":"","header-above-stick-meta":"","header-main-stick-meta":"","header-below-stick-meta":"","astra-migrate-meta-layouts":"set","ast-page-background-enabled":"default","ast-page-background-meta":{"desktop":{"background-color":"","background-image":"","background-repeat":"repeat","background-position":"center center","background-size":"auto","background-attachment":"scroll","background-type":"","background-media":"","overlay-type":"","overlay-color":"","overlay-opacity":"","overlay-gradient":""},"tablet":{"background-color":"","background-image":"","background-repeat":"repeat","background-position":"center center","background-size":"auto","background-attachment":"scroll","background-type":"","background-media":"","overlay-type":"","overlay-color":"","overlay-opacity":"","overlay-gradient":""},"mobile":{"background-color":"","background-image":"","background-repeat":"repeat","background-position":"center center","background-size":"auto","background-attachment":"scroll","background-type":"","background-media":"","overlay-type":"","overlay-color":"","overlay-opacity":"","overlay-gradient":""}},"ast-content-background-meta":{"desktop":{"background-color":"var(--ast-global-color-5)","background-image":"","background-repeat":"repeat","background-position":"center center","background-size":"auto","background-attachment":"scroll","background-type":"","background-media":"","overlay-type":"","overlay-color":"","overlay-opacity":"","overlay-gradient":""},"tablet":{"background-color":"var(--ast-global-color-5)","background-image":"","background-repeat":"repeat","background-position":"center center","background-size":"auto","background-attachment":"scroll","background-type":"","background-media":"","overlay-type":"","overlay-color":"","overlay-opacity":"","overlay-gradient":""},"mobile":{"background-color":"var(--ast-global-color-5)","background-image":"","background-repeat":"repeat","background-position":"center center","background-size":"auto","background-attachment":"scroll","background-type":"","background-media":"","overlay-type":"","overlay-color":"","overlay-opacity":"","overlay-gradient":""}},"footnotes":""},"categories":[],"tags":[],"class_list":["post-33417","page","type-page","status-publish","hentry"],"featured_image_urls_v2":{"full":"","thumbnail":"","medium":"","medium_large":"","large":"","1536x1536":"","2048x2048":"","menu-24x24":"","menu-36x36":"","menu-48x48":""},"post_excerpt_stackable_v2":"<p>UNITWIN NETWORK UNITWIN NETWORK Members Partner universities: Wroc\u0142aw University (Poland), University of Lisbon (Portugal), University of Coimbra (Portugal), Insitut Nationale d\u2019Etude du Travail et d\u2019Orientation Professionnelle (INETOP \u2013 CNAM) Paris \u2013 France Universit\u00e9 de Bordeaux (France), Universit\u00e9 de Toulouse (France) Universit\u00e9 de Buenos Aires (Argentina), Universit\u00e9 de Lausanne (Switzerland), University of Iceland, Reykjav\u00edk (Island), University of Padova (Italy), University of S\u00e3o Paulo (Brasil), Universit\u00e9 Laval \u2013 Qu\u00e9bec (Canada), Lesley University \u2013 Cambridge (USA), Universit\u00e0 degli Studi di Firenze (Italy), University of Pretoria (RPA), University of Eastern Finland \u2013 Joensuu (Finland), Uniwersytet im A. Mickiewicza w Poznaniu (Poland), Uniwersytet DSW (Poland),&hellip;<\/p>\n","category_list_v2":"Uncategorized","author_info_v2":{"name":"vdrabikpodgorna","url":"https:\/\/unesco.uwr.edu.pl\/en\/author\/vdrabikpodgorna\/"},"comments_num_v2":"0 comments","acf":[],"yoast_head":"<!-- This site is optimized with the Yoast SEO plugin v27.1.1 - https:\/\/yoast.com\/product\/yoast-seo-wordpress\/ -->\n<title>UNITWIN NETWORK Members - UNESCO Chair on Lifelong Guidance and Counseling<\/title>\n<meta name=\"description\" content=\"UNESCO Chair on Lifelong Guidance and Counseling\" \/>\n<meta name=\"robots\" content=\"index, follow, max-snippet:-1, max-image-preview:large, max-video-preview:-1\" \/>\n<link rel=\"canonical\" href=\"https:\/\/unesco.uwr.edu.pl\/en\/o-katedrze\/wspolpraca-miedzynarodowa\/unitwin-network-members\/\" \/>\n<meta property=\"og:locale\" content=\"en_US\" \/>\n<meta property=\"og:type\" content=\"article\" \/>\n<meta property=\"og:title\" content=\"UNITWIN NETWORK Members - UNESCO Chair on Lifelong Guidance and Counseling\" \/>\n<meta property=\"og:description\" content=\"UNESCO Chair on Lifelong Guidance and Counseling\" \/>\n<meta property=\"og:url\" content=\"https:\/\/unesco.uwr.edu.pl\/en\/o-katedrze\/wspolpraca-miedzynarodowa\/unitwin-network-members\/\" \/>\n<meta property=\"og:site_name\" content=\"UNESCO Chair on Lifelong Guidance and Counseling\" \/>\n<meta property=\"article:modified_time\" content=\"2025-11-26T09:08:35+00:00\" \/>\n<meta property=\"og:image\" content=\"https:\/\/unesco.uwr.edu.pl\/wp-content\/uploads\/sites\/155\/2023\/11\/carte-768x463-1.png\" \/>\n\t<meta property=\"og:image:width\" content=\"768\" \/>\n\t<meta property=\"og:image:height\" content=\"463\" \/>\n\t<meta property=\"og:image:type\" content=\"image\/png\" \/>\n<meta name=\"twitter:card\" content=\"summary_large_image\" \/>\n<meta name=\"twitter:label1\" content=\"Est. reading time\" \/>\n\t<meta name=\"twitter:data1\" content=\"1 minute\" \/>\n<script type=\"application\/ld+json\" class=\"yoast-schema-graph\">{\"@context\":\"https:\/\/schema.org\",\"@graph\":[{\"@type\":\"WebPage\",\"@id\":\"https:\/\/unesco.uwr.edu.pl\/en\/o-katedrze\/wspolpraca-miedzynarodowa\/unitwin-network-members\/\",\"url\":\"https:\/\/unesco.uwr.edu.pl\/en\/o-katedrze\/wspolpraca-miedzynarodowa\/unitwin-network-members\/\",\"name\":\"UNITWIN NETWORK Members - UNESCO Chair on Lifelong Guidance and Counseling\",\"isPartOf\":{\"@id\":\"https:\/\/unesco.uwr.edu.pl\/#website\"},\"primaryImageOfPage\":{\"@id\":\"https:\/\/unesco.uwr.edu.pl\/en\/o-katedrze\/wspolpraca-miedzynarodowa\/unitwin-network-members\/#primaryimage\"},\"image\":{\"@id\":\"https:\/\/unesco.uwr.edu.pl\/en\/o-katedrze\/wspolpraca-miedzynarodowa\/unitwin-network-members\/#primaryimage\"},\"thumbnailUrl\":\"https:\/\/unesco.uwr.edu.pl\/wp-content\/uploads\/sites\/155\/2023\/11\/carte-768x463-1.png\",\"datePublished\":\"2023-12-13T14:29:04+00:00\",\"dateModified\":\"2025-11-26T09:08:35+00:00\",\"description\":\"UNESCO Chair on Lifelong Guidance and Counseling\",\"breadcrumb\":{\"@id\":\"https:\/\/unesco.uwr.edu.pl\/en\/o-katedrze\/wspolpraca-miedzynarodowa\/unitwin-network-members\/#breadcrumb\"},\"inLanguage\":\"en-US\",\"potentialAction\":[{\"@type\":\"ReadAction\",\"target\":[\"https:\/\/unesco.uwr.edu.pl\/en\/o-katedrze\/wspolpraca-miedzynarodowa\/unitwin-network-members\/\"]}]},{\"@type\":\"ImageObject\",\"inLanguage\":\"en-US\",\"@id\":\"https:\/\/unesco.uwr.edu.pl\/en\/o-katedrze\/wspolpraca-miedzynarodowa\/unitwin-network-members\/#primaryimage\",\"url\":\"https:\/\/unesco.uwr.edu.pl\/wp-content\/uploads\/sites\/155\/2023\/11\/carte-768x463-1.png\",\"contentUrl\":\"https:\/\/unesco.uwr.edu.pl\/wp-content\/uploads\/sites\/155\/2023\/11\/carte-768x463-1.png\"},{\"@type\":\"BreadcrumbList\",\"@id\":\"https:\/\/unesco.uwr.edu.pl\/en\/o-katedrze\/wspolpraca-miedzynarodowa\/unitwin-network-members\/#breadcrumb\",\"itemListElement\":[{\"@type\":\"ListItem\",\"position\":1,\"name\":\"Strona g\u0142\u00f3wna\",\"item\":\"https:\/\/unesco.uwr.edu.pl\/en\/\"},{\"@type\":\"ListItem\",\"position\":2,\"name\":\"About us\",\"item\":\"https:\/\/unesco.uwr.edu.pl\/en\/o-katedrze\/\"},{\"@type\":\"ListItem\",\"position\":3,\"name\":\"International cooperation\",\"item\":\"https:\/\/unesco.uwr.edu.pl\/o-katedrze\/wspolpraca-miedzynarodowa\/\"},{\"@type\":\"ListItem\",\"position\":4,\"name\":\"UNITWIN NETWORK Members\"}]},{\"@type\":\"WebSite\",\"@id\":\"https:\/\/unesco.uwr.edu.pl\/#website\",\"url\":\"https:\/\/unesco.uwr.edu.pl\/\",\"name\":\"UNESCO Chair on Lifelong Guidance and Counseling\",\"description\":\"Kolejna witryna sieci \u201eUWR Witryny\u201d\",\"publisher\":{\"@id\":\"https:\/\/unesco.uwr.edu.pl\/#organization\"},\"potentialAction\":[{\"@type\":\"SearchAction\",\"target\":{\"@type\":\"EntryPoint\",\"urlTemplate\":\"https:\/\/unesco.uwr.edu.pl\/?s={search_term_string}\"},\"query-input\":{\"@type\":\"PropertyValueSpecification\",\"valueRequired\":true,\"valueName\":\"search_term_string\"}}],\"inLanguage\":\"en-US\"},{\"@type\":\"Organization\",\"@id\":\"https:\/\/unesco.uwr.edu.pl\/#organization\",\"name\":\"UNESCO Chair on Lifelong Guidance and Counseling\",\"url\":\"https:\/\/unesco.uwr.edu.pl\/\",\"logo\":{\"@type\":\"ImageObject\",\"inLanguage\":\"en-US\",\"@id\":\"https:\/\/unesco.uwr.edu.pl\/#\/schema\/logo\/image\/\",\"url\":\"https:\/\/unesco.uwr.edu.pl\/wp-content\/uploads\/sites\/155\/2025\/10\/UWr-logotyp-2025.png\",\"contentUrl\":\"https:\/\/unesco.uwr.edu.pl\/wp-content\/uploads\/sites\/155\/2025\/10\/UWr-logotyp-2025.png\",\"width\":764,\"height\":269,\"caption\":\"UNESCO Chair on Lifelong Guidance and Counseling\"},\"image\":{\"@id\":\"https:\/\/unesco.uwr.edu.pl\/#\/schema\/logo\/image\/\"}}]}<\/script>\n<!-- \/ Yoast SEO plugin. -->","yoast_head_json":{"title":"UNITWIN NETWORK Members - UNESCO Chair on Lifelong Guidance and Counseling","description":"UNESCO Chair on Lifelong Guidance and Counseling","robots":{"index":"index","follow":"follow","max-snippet":"max-snippet:-1","max-image-preview":"max-image-preview:large","max-video-preview":"max-video-preview:-1"},"canonical":"https:\/\/unesco.uwr.edu.pl\/en\/o-katedrze\/wspolpraca-miedzynarodowa\/unitwin-network-members\/","og_locale":"en_US","og_type":"article","og_title":"UNITWIN NETWORK Members - UNESCO Chair on Lifelong Guidance and Counseling","og_description":"UNESCO Chair on Lifelong Guidance and Counseling","og_url":"https:\/\/unesco.uwr.edu.pl\/en\/o-katedrze\/wspolpraca-miedzynarodowa\/unitwin-network-members\/","og_site_name":"UNESCO Chair on Lifelong Guidance and Counseling","article_modified_time":"2025-11-26T09:08:35+00:00","og_image":[{"width":768,"height":463,"url":"https:\/\/unesco.uwr.edu.pl\/wp-content\/uploads\/sites\/155\/2023\/11\/carte-768x463-1.png","type":"image\/png"}],"twitter_card":"summary_large_image","twitter_misc":{"Est. reading time":"1 minute"},"schema":{"@context":"https:\/\/schema.org","@graph":[{"@type":"WebPage","@id":"https:\/\/unesco.uwr.edu.pl\/en\/o-katedrze\/wspolpraca-miedzynarodowa\/unitwin-network-members\/","url":"https:\/\/unesco.uwr.edu.pl\/en\/o-katedrze\/wspolpraca-miedzynarodowa\/unitwin-network-members\/","name":"UNITWIN NETWORK Members - UNESCO Chair on Lifelong Guidance and Counseling","isPartOf":{"@id":"https:\/\/unesco.uwr.edu.pl\/#website"},"primaryImageOfPage":{"@id":"https:\/\/unesco.uwr.edu.pl\/en\/o-katedrze\/wspolpraca-miedzynarodowa\/unitwin-network-members\/#primaryimage"},"image":{"@id":"https:\/\/unesco.uwr.edu.pl\/en\/o-katedrze\/wspolpraca-miedzynarodowa\/unitwin-network-members\/#primaryimage"},"thumbnailUrl":"https:\/\/unesco.uwr.edu.pl\/wp-content\/uploads\/sites\/155\/2023\/11\/carte-768x463-1.png","datePublished":"2023-12-13T14:29:04+00:00","dateModified":"2025-11-26T09:08:35+00:00","description":"UNESCO Chair on Lifelong Guidance and Counseling","breadcrumb":{"@id":"https:\/\/unesco.uwr.edu.pl\/en\/o-katedrze\/wspolpraca-miedzynarodowa\/unitwin-network-members\/#breadcrumb"},"inLanguage":"en-US","potentialAction":[{"@type":"ReadAction","target":["https:\/\/unesco.uwr.edu.pl\/en\/o-katedrze\/wspolpraca-miedzynarodowa\/unitwin-network-members\/"]}]},{"@type":"ImageObject","inLanguage":"en-US","@id":"https:\/\/unesco.uwr.edu.pl\/en\/o-katedrze\/wspolpraca-miedzynarodowa\/unitwin-network-members\/#primaryimage","url":"https:\/\/unesco.uwr.edu.pl\/wp-content\/uploads\/sites\/155\/2023\/11\/carte-768x463-1.png","contentUrl":"https:\/\/unesco.uwr.edu.pl\/wp-content\/uploads\/sites\/155\/2023\/11\/carte-768x463-1.png"},{"@type":"BreadcrumbList","@id":"https:\/\/unesco.uwr.edu.pl\/en\/o-katedrze\/wspolpraca-miedzynarodowa\/unitwin-network-members\/#breadcrumb","itemListElement":[{"@type":"ListItem","position":1,"name":"Strona g\u0142\u00f3wna","item":"https:\/\/unesco.uwr.edu.pl\/en\/"},{"@type":"ListItem","position":2,"name":"About us","item":"https:\/\/unesco.uwr.edu.pl\/en\/o-katedrze\/"},{"@type":"ListItem","position":3,"name":"International cooperation","item":"https:\/\/unesco.uwr.edu.pl\/o-katedrze\/wspolpraca-miedzynarodowa\/"},{"@type":"ListItem","position":4,"name":"UNITWIN NETWORK Members"}]},{"@type":"WebSite","@id":"https:\/\/unesco.uwr.edu.pl\/#website","url":"https:\/\/unesco.uwr.edu.pl\/","name":"UNESCO Chair on Lifelong Guidance and Counseling","description":"Kolejna witryna sieci \u201eUWR Witryny\u201d","publisher":{"@id":"https:\/\/unesco.uwr.edu.pl\/#organization"},"potentialAction":[{"@type":"SearchAction","target":{"@type":"EntryPoint","urlTemplate":"https:\/\/unesco.uwr.edu.pl\/?s={search_term_string}"},"query-input":{"@type":"PropertyValueSpecification","valueRequired":true,"valueName":"search_term_string"}}],"inLanguage":"en-US"},{"@type":"Organization","@id":"https:\/\/unesco.uwr.edu.pl\/#organization","name":"UNESCO Chair on Lifelong Guidance and Counseling","url":"https:\/\/unesco.uwr.edu.pl\/","logo":{"@type":"ImageObject","inLanguage":"en-US","@id":"https:\/\/unesco.uwr.edu.pl\/#\/schema\/logo\/image\/","url":"https:\/\/unesco.uwr.edu.pl\/wp-content\/uploads\/sites\/155\/2025\/10\/UWr-logotyp-2025.png","contentUrl":"https:\/\/unesco.uwr.edu.pl\/wp-content\/uploads\/sites\/155\/2025\/10\/UWr-logotyp-2025.png","width":764,"height":269,"caption":"UNESCO Chair on Lifelong Guidance and Counseling"},"image":{"@id":"https:\/\/unesco.uwr.edu.pl\/#\/schema\/logo\/image\/"}}]}},"publishpress_future_action":{"enabled":false,"date":"2026-04-29 14:06:20","action":"change-status","newStatus":"draft","terms":[],"taxonomy":"category","extraData":[]},"publishpress_future_workflow_manual_trigger":{"enabledWorkflows":[]},"_links":{"self":[{"href":"https:\/\/unesco.uwr.edu.pl\/en\/wp-json\/wp\/v2\/pages\/33417\/"}],"collection":[{"href":"https:\/\/unesco.uwr.edu.pl\/en\/wp-json\/wp\/v2\/pages\/"}],"about":[{"href":"https:\/\/unesco.uwr.edu.pl\/en\/wp-json\/wp\/v2\/types\/page\/"}],"author":[{"embeddable":true,"href":"https:\/\/unesco.uwr.edu.pl\/en\/wp-json\/wp\/v2\/users\/584\/"}],"replies":[{"embeddable":true,"href":"https:\/\/unesco.uwr.edu.pl\/en\/wp-json\/wp\/v2\/comments\/?post=33417"}],"version-history":[{"count":6,"href":"https:\/\/unesco.uwr.edu.pl\/en\/wp-json\/wp\/v2\/pages\/33417\/revisions\/"}],"predecessor-version":[{"id":38961,"href":"https:\/\/unesco.uwr.edu.pl\/en\/wp-json\/wp\/v2\/pages\/33417\/revisions\/38961\/"}],"up":[{"embeddable":true,"href":"https:\/\/unesco.uwr.edu.pl\/en\/wp-json\/wp\/v2\/pages\/30240\/"}],"wp:attachment":[{"href":"https:\/\/unesco.uwr.edu.pl\/en\/wp-json\/wp\/v2\/media\/?parent=33417"}],"wp:term":[{"taxonomy":"category","embeddable":true,"href":"https:\/\/unesco.uwr.edu.pl\/en\/wp-json\/wp\/v2\/categories\/?post=33417"},{"taxonomy":"post_tag","embeddable":true,"href":"https:\/\/unesco.uwr.edu.pl\/en\/wp-json\/wp\/v2\/tags\/?post=33417"}],"curies":[{"name":"wp","href":"https:\/\/api.w.org\/{rel}","templated":true}]}}